{"id":2698,"date":"2020-11-08T23:18:58","date_gmt":"2020-11-08T22:18:58","guid":{"rendered":"https:\/\/lesptitescroixdemagalie.fr\/?page_id=2698"},"modified":"2022-03-27T10:01:30","modified_gmt":"2022-03-27T08:01:30","slug":"autres-passions","status":"publish","type":"page","link":"https:\/\/lesptitescroixdemagalie.fr\/index.php\/autres-passions\/","title":{"rendered":"Autres passions&#8230;"},"content":{"rendered":"\n<div class=\"wp-block-image\"><figure class=\"aligncenter size-large is-resized\"><img fetchpriority=\"high\" decoding=\"async\" src=\"https:\/\/lesptitescroixdemagalie.fr\/wp-content\/uploads\/2018\/09\/dreamcatcher-1024x683.jpg\" alt=\"Autres passions\" class=\"wp-image-1697\" width=\"512\" height=\"342\" srcset=\"https:\/\/lesptitescroixdemagalie.fr\/wp-content\/uploads\/2018\/09\/dreamcatcher-1024x683.jpg 1024w, https:\/\/lesptitescroixdemagalie.fr\/wp-content\/uploads\/2018\/09\/dreamcatcher-600x400.jpg 600w, https:\/\/lesptitescroixdemagalie.fr\/wp-content\/uploads\/2018\/09\/dreamcatcher-300x200.jpg 300w, https:\/\/lesptitescroixdemagalie.fr\/wp-content\/uploads\/2018\/09\/dreamcatcher-768x512.jpg 768w, https:\/\/lesptitescroixdemagalie.fr\/wp-content\/uploads\/2018\/09\/dreamcatcher.jpg 1170w, https:\/\/lesptitescroixdemagalie.fr\/wp-content\/uploads\/2018\/09\/dreamcatcher-585x390.jpg 585w, https:\/\/lesptitescroixdemagalie.fr\/wp-content\/uploads\/2018\/09\/dreamcatcher-263x175.jpg 263w\" sizes=\"(max-width: 512px) 100vw, 512px\" \/><\/figure><\/div>\n\n\n\n<p><br><\/p>\n\n\n\n<h2 class=\"has-text-align-center wp-block-heading\">Et voil\u00e0 ! La page d\u00e9di\u00e9e aux autres passions est ouverte !<\/h2>\n\n\n\n<h3 class=\"has-text-align-center wp-block-heading\"><br>A nous de jouer&#8230;<\/h3>\n\n\n\n<div class=\"wp-block-columns is-layout-flex wp-container-core-columns-is-layout-9d6595d7 wp-block-columns-is-layout-flex\">\n<div class=\"wp-block-column is-layout-flow wp-block-column-is-layout-flow\">\n<div class=\"wp-block-cover is-light\"><span aria-hidden=\"true\" class=\"wp-block-cover__gradient-background has-background-dim\"><\/span><img decoding=\"async\" width=\"1920\" height=\"1280\" class=\"wp-block-cover__image-background wp-image-1750\" src=\"https:\/\/lesptitescroixdemagalie.fr\/wp-content\/uploads\/2019\/09\/p1-2.jpg\" data-object-fit=\"cover\" srcset=\"https:\/\/lesptitescroixdemagalie.fr\/wp-content\/uploads\/2019\/09\/p1-2.jpg 1920w, https:\/\/lesptitescroixdemagalie.fr\/wp-content\/uploads\/2019\/09\/p1-2-600x400.jpg 600w, https:\/\/lesptitescroixdemagalie.fr\/wp-content\/uploads\/2019\/09\/p1-2-300x200.jpg 300w, https:\/\/lesptitescroixdemagalie.fr\/wp-content\/uploads\/2019\/09\/p1-2-768x512.jpg 768w, https:\/\/lesptitescroixdemagalie.fr\/wp-content\/uploads\/2019\/09\/p1-2-1024x683.jpg 1024w, https:\/\/lesptitescroixdemagalie.fr\/wp-content\/uploads\/2019\/09\/p1-2-1170x780.jpg 1170w, https:\/\/lesptitescroixdemagalie.fr\/wp-content\/uploads\/2019\/09\/p1-2-585x390.jpg 585w, https:\/\/lesptitescroixdemagalie.fr\/wp-content\/uploads\/2019\/09\/p1-2-263x175.jpg 263w\" sizes=\"(max-width: 1920px) 100vw, 1920px\" \/><div class=\"wp-block-cover__inner-container is-layout-flow wp-block-cover-is-layout-flow\">\n<p class=\"has-text-align-center has-text-color has-large-font-size\" style=\"color:#eaa7a1\"><a href=\"https:\/\/lesptitescroixdemagalie.fr\/index.php\/mes-autres-passions\/\">Mes autres passions<\/a><\/p>\n<\/div><\/div>\n<\/div>\n\n\n\n<div class=\"wp-block-column is-layout-flow wp-block-column-is-layout-flow\">\n<div class=\"wp-block-cover is-light\"><span aria-hidden=\"true\" class=\"wp-block-cover__gradient-background has-background-dim\"><\/span><img decoding=\"async\" width=\"1920\" height=\"1280\" class=\"wp-block-cover__image-background wp-image-1403\" src=\"https:\/\/lesptitescroixdemagalie.fr\/wp-content\/uploads\/2018\/08\/p5.jpg\" data-object-fit=\"cover\" srcset=\"https:\/\/lesptitescroixdemagalie.fr\/wp-content\/uploads\/2018\/08\/p5.jpg 1920w, https:\/\/lesptitescroixdemagalie.fr\/wp-content\/uploads\/2018\/08\/p5-600x400.jpg 600w, https:\/\/lesptitescroixdemagalie.fr\/wp-content\/uploads\/2018\/08\/p5-300x200.jpg 300w, https:\/\/lesptitescroixdemagalie.fr\/wp-content\/uploads\/2018\/08\/p5-768x512.jpg 768w, https:\/\/lesptitescroixdemagalie.fr\/wp-content\/uploads\/2018\/08\/p5-1024x683.jpg 1024w, https:\/\/lesptitescroixdemagalie.fr\/wp-content\/uploads\/2018\/08\/p5-1170x780.jpg 1170w, https:\/\/lesptitescroixdemagalie.fr\/wp-content\/uploads\/2018\/08\/p5-585x390.jpg 585w, https:\/\/lesptitescroixdemagalie.fr\/wp-content\/uploads\/2018\/08\/p5-263x175.jpg 263w\" sizes=\"(max-width: 1920px) 100vw, 1920px\" \/><div class=\"wp-block-cover__inner-container is-layout-flow wp-block-cover-is-layout-flow\">\n<p class=\"has-text-align-center has-large-font-size\">Bient\u00f4t<br>Vos autres passions<\/p>\n<\/div><\/div>\n<\/div>\n<\/div>\n","protected":false},"excerpt":{"rendered":"<p>Et voil\u00e0 ! La page d\u00e9di\u00e9e aux autres passions est ouverte ! A nous de jouer&#8230;<\/p>\n","protected":false},"author":1,"featured_media":0,"parent":0,"menu_order":0,"comment_status":"closed","ping_status":"closed","template":"","meta":{"inline_featured_image":false,"_monsterinsights_skip_tracking":false,"_monsterinsights_sitenote_active":false,"_monsterinsights_sitenote_note":"","_monsterinsights_sitenote_category":0,"footnotes":""},"class_list":["post-2698","page","type-page","status-publish","hentry"],"yoast_head":"<!-- This site is optimized with the Yoast SEO plugin v27.5 - https:\/\/yoast.com\/product\/yoast-seo-wordpress\/ -->\n<title>Autres passions... - Les p\u2018tites croix de Magalie par Magalie Vincendon<\/title>\n<meta name=\"description\" content=\"Voici une autre de mes passions : la photo. J&#039;ai la chance d&#039;avoir pu voyager et d&#039;avoir des parents et amis au quatre coins de la France et du monde ! C&#039;est aussi la base de mon inspiration pour mes broderie au point de croix. Cette page est d\u00e9di\u00e9e \u00e0 mes photos et va se remplir au fur et \u00e0 mesure.\" \/>\n<meta name=\"robots\" content=\"index, follow, max-snippet:-1, max-image-preview:large, max-video-preview:-1\" \/>\n<link rel=\"canonical\" href=\"https:\/\/lesptitescroixdemagalie.fr\/index.php\/autres-passions\/\" \/>\n<meta property=\"og:locale\" content=\"fr_FR\" \/>\n<meta property=\"og:type\" content=\"article\" \/>\n<meta property=\"og:title\" content=\"Autres passions... - Les p\u2018tites croix de Magalie par Magalie Vincendon\" \/>\n<meta property=\"og:description\" content=\"Voici une autre de mes passions : la photo. J&#039;ai la chance d&#039;avoir pu voyager et d&#039;avoir des parents et amis au quatre coins de la France et du monde ! C&#039;est aussi la base de mon inspiration pour mes broderie au point de croix. Cette page est d\u00e9di\u00e9e \u00e0 mes photos et va se remplir au fur et \u00e0 mesure.\" \/>\n<meta property=\"og:url\" content=\"https:\/\/lesptitescroixdemagalie.fr\/index.php\/autres-passions\/\" \/>\n<meta property=\"og:site_name\" content=\"Les p\u2018tites croix de Magalie par Magalie Vincendon\" \/>\n<meta property=\"article:modified_time\" content=\"2022-03-27T08:01:30+00:00\" \/>\n<meta property=\"og:image\" content=\"https:\/\/lesptitescroixdemagalie.fr\/wp-content\/uploads\/2018\/09\/dreamcatcher-1024x683.jpg\" \/>\n<meta name=\"twitter:card\" content=\"summary_large_image\" \/>\n<meta name=\"twitter:label1\" content=\"Dur\u00e9e de lecture estim\u00e9e\" \/>\n\t<meta name=\"twitter:data1\" content=\"1 minute\" \/>\n<script type=\"application\/ld+json\" class=\"yoast-schema-graph\">{\"@context\":\"https:\\\/\\\/schema.org\",\"@graph\":[{\"@type\":\"WebPage\",\"@id\":\"https:\\\/\\\/lesptitescroixdemagalie.fr\\\/index.php\\\/autres-passions\\\/\",\"url\":\"https:\\\/\\\/lesptitescroixdemagalie.fr\\\/index.php\\\/autres-passions\\\/\",\"name\":\"Autres passions... - Les p\u2018tites croix de Magalie par Magalie Vincendon\",\"isPartOf\":{\"@id\":\"https:\\\/\\\/lesptitescroixdemagalie.fr\\\/#website\"},\"primaryImageOfPage\":{\"@id\":\"https:\\\/\\\/lesptitescroixdemagalie.fr\\\/index.php\\\/autres-passions\\\/#primaryimage\"},\"image\":{\"@id\":\"https:\\\/\\\/lesptitescroixdemagalie.fr\\\/index.php\\\/autres-passions\\\/#primaryimage\"},\"thumbnailUrl\":\"https:\\\/\\\/lesptitescroixdemagalie.fr\\\/wp-content\\\/uploads\\\/2018\\\/09\\\/dreamcatcher-1024x683.jpg\",\"datePublished\":\"2020-11-08T22:18:58+00:00\",\"dateModified\":\"2022-03-27T08:01:30+00:00\",\"description\":\"Voici une autre de mes passions : la photo. J'ai la chance d'avoir pu voyager et d'avoir des parents et amis au quatre coins de la France et du monde ! C'est aussi la base de mon inspiration pour mes broderie au point de croix. Cette page est d\u00e9di\u00e9e \u00e0 mes photos et va se remplir au fur et \u00e0 mesure.\",\"breadcrumb\":{\"@id\":\"https:\\\/\\\/lesptitescroixdemagalie.fr\\\/index.php\\\/autres-passions\\\/#breadcrumb\"},\"inLanguage\":\"fr-FR\",\"potentialAction\":[{\"@type\":\"ReadAction\",\"target\":[\"https:\\\/\\\/lesptitescroixdemagalie.fr\\\/index.php\\\/autres-passions\\\/\"]}]},{\"@type\":\"ImageObject\",\"inLanguage\":\"fr-FR\",\"@id\":\"https:\\\/\\\/lesptitescroixdemagalie.fr\\\/index.php\\\/autres-passions\\\/#primaryimage\",\"url\":\"https:\\\/\\\/lesptitescroixdemagalie.fr\\\/wp-content\\\/uploads\\\/2018\\\/09\\\/dreamcatcher.jpg\",\"contentUrl\":\"https:\\\/\\\/lesptitescroixdemagalie.fr\\\/wp-content\\\/uploads\\\/2018\\\/09\\\/dreamcatcher.jpg\",\"width\":1170,\"height\":780,\"caption\":\"Autres passions\"},{\"@type\":\"BreadcrumbList\",\"@id\":\"https:\\\/\\\/lesptitescroixdemagalie.fr\\\/index.php\\\/autres-passions\\\/#breadcrumb\",\"itemListElement\":[{\"@type\":\"ListItem\",\"position\":1,\"name\":\"Accueil\",\"item\":\"https:\\\/\\\/lesptitescroixdemagalie.fr\\\/\"},{\"@type\":\"ListItem\",\"position\":2,\"name\":\"Autres passions&#8230;\"}]},{\"@type\":\"WebSite\",\"@id\":\"https:\\\/\\\/lesptitescroixdemagalie.fr\\\/#website\",\"url\":\"https:\\\/\\\/lesptitescroixdemagalie.fr\\\/\",\"name\":\"Les p\u2018tites croix de Magalie par Magalie Vincendon\",\"description\":\"Point de croix, D\u00e9tente, Partage &amp; Bien-Etre\",\"publisher\":{\"@id\":\"https:\\\/\\\/lesptitescroixdemagalie.fr\\\/#organization\"},\"potentialAction\":[{\"@type\":\"SearchAction\",\"target\":{\"@type\":\"EntryPoint\",\"urlTemplate\":\"https:\\\/\\\/lesptitescroixdemagalie.fr\\\/?s={search_term_string}\"},\"query-input\":{\"@type\":\"PropertyValueSpecification\",\"valueRequired\":true,\"valueName\":\"search_term_string\"}}],\"inLanguage\":\"fr-FR\"},{\"@type\":\"Organization\",\"@id\":\"https:\\\/\\\/lesptitescroixdemagalie.fr\\\/#organization\",\"name\":\"Les p'tites croix de Magalie\",\"url\":\"https:\\\/\\\/lesptitescroixdemagalie.fr\\\/\",\"logo\":{\"@type\":\"ImageObject\",\"inLanguage\":\"fr-FR\",\"@id\":\"https:\\\/\\\/lesptitescroixdemagalie.fr\\\/#\\\/schema\\\/logo\\\/image\\\/\",\"url\":\"https:\\\/\\\/lesptitescroixdemagalie.fr\\\/wp-content\\\/uploads\\\/2022\\\/07\\\/Logo-noir-fond-blanc.png\",\"contentUrl\":\"https:\\\/\\\/lesptitescroixdemagalie.fr\\\/wp-content\\\/uploads\\\/2022\\\/07\\\/Logo-noir-fond-blanc.png\",\"width\":280,\"height\":350,\"caption\":\"Les p'tites croix de Magalie\"},\"image\":{\"@id\":\"https:\\\/\\\/lesptitescroixdemagalie.fr\\\/#\\\/schema\\\/logo\\\/image\\\/\"}}]}<\/script>\n<!-- \/ Yoast SEO plugin. -->","yoast_head_json":{"title":"Autres passions... - Les p\u2018tites croix de Magalie par Magalie Vincendon","description":"Voici une autre de mes passions : la photo. J'ai la chance d'avoir pu voyager et d'avoir des parents et amis au quatre coins de la France et du monde ! C'est aussi la base de mon inspiration pour mes broderie au point de croix. Cette page est d\u00e9di\u00e9e \u00e0 mes photos et va se remplir au fur et \u00e0 mesure.","robots":{"index":"index","follow":"follow","max-snippet":"max-snippet:-1","max-image-preview":"max-image-preview:large","max-video-preview":"max-video-preview:-1"},"canonical":"https:\/\/lesptitescroixdemagalie.fr\/index.php\/autres-passions\/","og_locale":"fr_FR","og_type":"article","og_title":"Autres passions... - Les p\u2018tites croix de Magalie par Magalie Vincendon","og_description":"Voici une autre de mes passions : la photo. J'ai la chance d'avoir pu voyager et d'avoir des parents et amis au quatre coins de la France et du monde ! C'est aussi la base de mon inspiration pour mes broderie au point de croix. Cette page est d\u00e9di\u00e9e \u00e0 mes photos et va se remplir au fur et \u00e0 mesure.","og_url":"https:\/\/lesptitescroixdemagalie.fr\/index.php\/autres-passions\/","og_site_name":"Les p\u2018tites croix de Magalie par Magalie Vincendon","article_modified_time":"2022-03-27T08:01:30+00:00","og_image":[{"url":"https:\/\/lesptitescroixdemagalie.fr\/wp-content\/uploads\/2018\/09\/dreamcatcher-1024x683.jpg","type":"","width":"","height":""}],"twitter_card":"summary_large_image","twitter_misc":{"Dur\u00e9e de lecture estim\u00e9e":"1 minute"},"schema":{"@context":"https:\/\/schema.org","@graph":[{"@type":"WebPage","@id":"https:\/\/lesptitescroixdemagalie.fr\/index.php\/autres-passions\/","url":"https:\/\/lesptitescroixdemagalie.fr\/index.php\/autres-passions\/","name":"Autres passions... - Les p\u2018tites croix de Magalie par Magalie Vincendon","isPartOf":{"@id":"https:\/\/lesptitescroixdemagalie.fr\/#website"},"primaryImageOfPage":{"@id":"https:\/\/lesptitescroixdemagalie.fr\/index.php\/autres-passions\/#primaryimage"},"image":{"@id":"https:\/\/lesptitescroixdemagalie.fr\/index.php\/autres-passions\/#primaryimage"},"thumbnailUrl":"https:\/\/lesptitescroixdemagalie.fr\/wp-content\/uploads\/2018\/09\/dreamcatcher-1024x683.jpg","datePublished":"2020-11-08T22:18:58+00:00","dateModified":"2022-03-27T08:01:30+00:00","description":"Voici une autre de mes passions : la photo. J'ai la chance d'avoir pu voyager et d'avoir des parents et amis au quatre coins de la France et du monde ! C'est aussi la base de mon inspiration pour mes broderie au point de croix. Cette page est d\u00e9di\u00e9e \u00e0 mes photos et va se remplir au fur et \u00e0 mesure.","breadcrumb":{"@id":"https:\/\/lesptitescroixdemagalie.fr\/index.php\/autres-passions\/#breadcrumb"},"inLanguage":"fr-FR","potentialAction":[{"@type":"ReadAction","target":["https:\/\/lesptitescroixdemagalie.fr\/index.php\/autres-passions\/"]}]},{"@type":"ImageObject","inLanguage":"fr-FR","@id":"https:\/\/lesptitescroixdemagalie.fr\/index.php\/autres-passions\/#primaryimage","url":"https:\/\/lesptitescroixdemagalie.fr\/wp-content\/uploads\/2018\/09\/dreamcatcher.jpg","contentUrl":"https:\/\/lesptitescroixdemagalie.fr\/wp-content\/uploads\/2018\/09\/dreamcatcher.jpg","width":1170,"height":780,"caption":"Autres passions"},{"@type":"BreadcrumbList","@id":"https:\/\/lesptitescroixdemagalie.fr\/index.php\/autres-passions\/#breadcrumb","itemListElement":[{"@type":"ListItem","position":1,"name":"Accueil","item":"https:\/\/lesptitescroixdemagalie.fr\/"},{"@type":"ListItem","position":2,"name":"Autres passions&#8230;"}]},{"@type":"WebSite","@id":"https:\/\/lesptitescroixdemagalie.fr\/#website","url":"https:\/\/lesptitescroixdemagalie.fr\/","name":"Les p\u2018tites croix de Magalie par Magalie Vincendon","description":"Point de croix, D\u00e9tente, Partage &amp; Bien-Etre","publisher":{"@id":"https:\/\/lesptitescroixdemagalie.fr\/#organization"},"potentialAction":[{"@type":"SearchAction","target":{"@type":"EntryPoint","urlTemplate":"https:\/\/lesptitescroixdemagalie.fr\/?s={search_term_string}"},"query-input":{"@type":"PropertyValueSpecification","valueRequired":true,"valueName":"search_term_string"}}],"inLanguage":"fr-FR"},{"@type":"Organization","@id":"https:\/\/lesptitescroixdemagalie.fr\/#organization","name":"Les p'tites croix de Magalie","url":"https:\/\/lesptitescroixdemagalie.fr\/","logo":{"@type":"ImageObject","inLanguage":"fr-FR","@id":"https:\/\/lesptitescroixdemagalie.fr\/#\/schema\/logo\/image\/","url":"https:\/\/lesptitescroixdemagalie.fr\/wp-content\/uploads\/2022\/07\/Logo-noir-fond-blanc.png","contentUrl":"https:\/\/lesptitescroixdemagalie.fr\/wp-content\/uploads\/2022\/07\/Logo-noir-fond-blanc.png","width":280,"height":350,"caption":"Les p'tites croix de Magalie"},"image":{"@id":"https:\/\/lesptitescroixdemagalie.fr\/#\/schema\/logo\/image\/"}}]}},"_links":{"self":[{"href":"https:\/\/lesptitescroixdemagalie.fr\/index.php\/wp-json\/wp\/v2\/pages\/2698","targetHints":{"allow":["GET"]}}],"collection":[{"href":"https:\/\/lesptitescroixdemagalie.fr\/index.php\/wp-json\/wp\/v2\/pages"}],"about":[{"href":"https:\/\/lesptitescroixdemagalie.fr\/index.php\/wp-json\/wp\/v2\/types\/page"}],"author":[{"embeddable":true,"href":"https:\/\/lesptitescroixdemagalie.fr\/index.php\/wp-json\/wp\/v2\/users\/1"}],"replies":[{"embeddable":true,"href":"https:\/\/lesptitescroixdemagalie.fr\/index.php\/wp-json\/wp\/v2\/comments?post=2698"}],"version-history":[{"count":7,"href":"https:\/\/lesptitescroixdemagalie.fr\/index.php\/wp-json\/wp\/v2\/pages\/2698\/revisions"}],"predecessor-version":[{"id":3871,"href":"https:\/\/lesptitescroixdemagalie.fr\/index.php\/wp-json\/wp\/v2\/pages\/2698\/revisions\/3871"}],"wp:attachment":[{"href":"https:\/\/lesptitescroixdemagalie.fr\/index.php\/wp-json\/wp\/v2\/media?parent=2698"}],"curies":[{"name":"wp","href":"https:\/\/api.w.org\/{rel}","templated":true}]}}