{"id":2174,"date":"2020-07-19T21:34:05","date_gmt":"2020-07-19T19:34:05","guid":{"rendered":"https:\/\/lesptitescroixdemagalie.fr\/?page_id=2174"},"modified":"2020-08-01T20:44:31","modified_gmt":"2020-08-01T18:44:31","slug":"lexique","status":"publish","type":"page","link":"https:\/\/lesptitescroixdemagalie.fr\/index.php\/lexique\/","title":{"rendered":"Lexique"},"content":{"rendered":"\n<div class=\"wp-block-image\"><figure class=\"aligncenter size-large is-resized\"><img fetchpriority=\"high\" decoding=\"async\" src=\"https:\/\/lesptitescroixdemagalie.fr\/wp-content\/uploads\/2019\/12\/Photo-by-Ryan-Wallace-on-Unsplash-1024x683.jpg\" alt=\"\" class=\"wp-image-1905\" width=\"768\" height=\"512\" srcset=\"https:\/\/lesptitescroixdemagalie.fr\/wp-content\/uploads\/2019\/12\/Photo-by-Ryan-Wallace-on-Unsplash-1024x683.jpg 1024w, https:\/\/lesptitescroixdemagalie.fr\/wp-content\/uploads\/2019\/12\/Photo-by-Ryan-Wallace-on-Unsplash-scaled-600x400.jpg 600w, https:\/\/lesptitescroixdemagalie.fr\/wp-content\/uploads\/2019\/12\/Photo-by-Ryan-Wallace-on-Unsplash-300x200.jpg 300w, https:\/\/lesptitescroixdemagalie.fr\/wp-content\/uploads\/2019\/12\/Photo-by-Ryan-Wallace-on-Unsplash-768x512.jpg 768w, https:\/\/lesptitescroixdemagalie.fr\/wp-content\/uploads\/2019\/12\/Photo-by-Ryan-Wallace-on-Unsplash-1536x1024.jpg 1536w, https:\/\/lesptitescroixdemagalie.fr\/wp-content\/uploads\/2019\/12\/Photo-by-Ryan-Wallace-on-Unsplash-2048x1365.jpg 2048w, https:\/\/lesptitescroixdemagalie.fr\/wp-content\/uploads\/2019\/12\/Photo-by-Ryan-Wallace-on-Unsplash-1170x780.jpg 1170w, https:\/\/lesptitescroixdemagalie.fr\/wp-content\/uploads\/2019\/12\/Photo-by-Ryan-Wallace-on-Unsplash-1920x1280.jpg 1920w, https:\/\/lesptitescroixdemagalie.fr\/wp-content\/uploads\/2019\/12\/Photo-by-Ryan-Wallace-on-Unsplash-585x390.jpg 585w, https:\/\/lesptitescroixdemagalie.fr\/wp-content\/uploads\/2019\/12\/Photo-by-Ryan-Wallace-on-Unsplash-263x175.jpg 263w\" sizes=\"(max-width: 768px) 100vw, 768px\" \/><figcaption><em>Source : Unsplash<\/em><\/figcaption><\/figure><\/div>\n\n\n\n<p style=\"font-size:18px\" class=\"has-text-align-center\"><strong>Retrouvez ci-dessous la d\u00e9finition des mots ou expressions <em>en italique<\/em><\/strong> <strong>des articles du blog.<\/strong><\/p>\n\n\n\n<p class=\"has-normal-font-size\"><strong>Mes sources&nbsp;:<\/strong><br>&#8211; Wikip\u00e9dia, encyclop\u00e9die en ligne.<br>&#8211; <em><u>La Bible du point de croix<\/u><\/em>, de Jane Greenoff.<\/p>\n\n\n\n<h2 class=\"wp-block-heading\"><br>A<\/h2>\n\n\n\n<p class=\"has-normal-font-size\"><strong>Ab\u00e9c\u00e9daire<\/strong> :<br>Support visuel pr\u00e9sentant l\u2019ensemble des symboles d\u2019un alphabet.<br>Livre ou mod\u00e8le regroupant des alphabets, des chiffres de diff\u00e9rentes polices ou formes d\u2019\u00e9criture (majuscules, minuscules, scriptes, cursives, calligraphies&#8230;).<\/p>\n\n\n\n<p class=\"has-normal-font-size\"><strong>Aiguilles \u00e0 broder<\/strong> :<br>L&rsquo;une des extr\u00e9mit\u00e9s est pointue et permet de percer le tissu. L&rsquo;autre est munie d&rsquo;une perforation appel\u00e9e \u00ab&nbsp;chas&nbsp;\u00bb, dans laquelle on passe le fil afin qu&rsquo;il soit entra\u00een\u00e9 avec l&rsquo;aiguille \u00e0 travers le tissu.<br>Les aiguilles sont class\u00e9es par diam\u00e8tre et num\u00e9rot\u00e9es de 1 \u00e0 28 (N\u00b01 = 1,17mm).<br>Pour la broderie, on utilise des aiguilles \u00e0 bout rond. Il s\u2019agit des N\u00b0 20 \u00e0 28, les plus fines car elles doivent passer entre les fils et ne pas marquer le tissu. Les plus utilis\u00e9es sont les N\u00b024 et N\u00b026.<\/p>\n\n\n\n<p class=\"has-normal-font-size\"><strong>Art du fil<\/strong>&nbsp;:<br>Ensemble d\u2019activit\u00e9s manuelles ou semi-m\u00e9caniques utilisant le fil&nbsp;: broderie, tricot, couture, crochet, macram\u00e9\u2026<\/p>\n\n\n\n<hr class=\"wp-block-separator\"\/>\n\n\n\n<h2 class=\"wp-block-heading\"><br>B<\/h2>\n\n\n\n<p class=\"has-normal-font-size\"><strong>Brin<\/strong>&nbsp;:<br>Une \u00e9chevette est compos\u00e9e de 6 brins (fils). On utilise g\u00e9n\u00e9ralement 2 brins pour broder, selon le mod\u00e8le ou la toile utilis\u00e9s, on n\u2019en prendra qu\u2019un seul.<\/p>\n\n\n\n<p class=\"has-normal-font-size\"><strong>Broderie<\/strong> :<br>La broderie est un art de d\u00e9coration des tissus qui consiste \u00e0 ajouter sur un tissu un motif plat ou en relief fait de fils simples, parfois en int\u00e9grant des mat\u00e9riaux tels que paillettes, perles voire pierres pr\u00e9cieuses.<\/p>\n\n\n\n<p class=\"has-normal-font-size\"><strong>Brodeuse (brodeur)<\/strong> : nom, surnom<br>Corinne Chambras-Gangloff, brodeuse et collectionneuse d&rsquo;ab\u00e9c\u00e9daires en particulier, \u00e9crivain (elle pr\u00e9f\u00e8re dire \u00ab \u00e9crivailleuse \u00bb) \u00e0 ses heures, a propos\u00e9 en 1991 de nommer \u00ab crucifiliste \u00bb le brodeur ou la brodeuse au point de croix.<\/p>\n\n\n\n<hr class=\"wp-block-separator\"\/>\n\n\n\n<h2 class=\"wp-block-heading\"><br>C<\/h2>\n\n\n\n<p class=\"has-normal-font-size\"><strong>Calligraphie<\/strong>&nbsp;:<br>La calligraphie est, \u00e9tymologiquement, la belle \u00e9criture, l&rsquo;art de bien former les caract\u00e8res d&rsquo;\u00e9criture manuscrite.<\/p>\n\n\n\n<p class=\"has-normal-font-size\"><strong>Carte \u00e0 fil <\/strong>ou carte de projet&nbsp;:<br>Fiches cartonn\u00e9es et perfor\u00e9es pour classer vos fils.<\/p>\n\n\n\n<p class=\"has-normal-font-size\"><strong>Cr\u00e9ation assist\u00e9e par ordinateur<\/strong> (Logiciel Super Point de Croix)&nbsp;:<br>La cr\u00e9ation assist\u00e9e par ordinateur ne permet pas de gagner du temps mais de moins en perdre dans la transformation du dessin, photo, \u2026 en grille.<br>Ce logiciel propose des milliers de motifs et de mod\u00e8les pour agr\u00e9menter vos ouvrages. Il permet m\u00eame de transformer facilement vos photos et vos dessins en grilles.<\/p>\n\n\n\n<hr class=\"wp-block-separator\"\/>\n\n\n\n<h2 class=\"wp-block-heading\"><br>D<\/h2>\n\n\n\n<hr class=\"wp-block-separator\"\/>\n\n\n\n<h2 class=\"wp-block-heading\"><br>E<\/h2>\n\n\n\n<p class=\"has-normal-font-size\"><strong>\u00c9chevette<\/strong>&nbsp;:<br>Bobinette de fil \u00e0 broder. Elles sont g\u00e9n\u00e9ralement compos\u00e9es de 6 fils de 8 m\u00e8tres de longueur. Plus de 500 couleurs sont disponibles et certains effets sp\u00e9ciaux existent, comme l&rsquo;\u00ab&nbsp;effet lumi\u00e8re&nbsp;\u00bb (fil brillant) et l&rsquo;\u00ab&nbsp;effet variation&nbsp;\u00bb (variation de teinte le long du fil en d\u00e9grad\u00e9 ou en harmonie).<\/p>\n\n\n\n<hr class=\"wp-block-separator\"\/>\n\n\n\n<h2 class=\"wp-block-heading\"><br>F<\/h2>\n\n\n\n<p class=\"has-normal-font-size\"><strong>Fil \u00e0 broder<\/strong> :<br>Le fil utilis\u00e9 le plus souvent est le coton moulin\u00e9, pr\u00e9sent\u00e9 en bobinettes appel\u00e9es \u00ab&nbsp;\u00e9chevettes&nbsp;\u00bb.<\/p>\n\n\n\n<hr class=\"wp-block-separator\"\/>\n\n\n\n<h2 class=\"wp-block-heading\"><br>G<\/h2>\n\n\n\n<p class=\"has-normal-font-size\"><strong>Grille\/dessin\/diagramme<\/strong>&nbsp;:<br>Mode d\u2019emploi, plan et explications des motifs \u00e0 broder. Elles peuvent \u00eatre en couleur, agr\u00e9ment\u00e9es ou pas de symboles noirs et blancs accompagn\u00e9s de leurs l\u00e9gendes. Elles pr\u00e9sentent des carr\u00e9s qui correspondent \u00e0 un point, une croix.<\/p>\n\n\n\n<hr class=\"wp-block-separator\"\/>\n\n\n\n<h2 class=\"wp-block-heading\"><br>H<\/h2>\n\n\n\n<hr class=\"wp-block-separator\"\/>\n\n\n\n<h2 class=\"wp-block-heading\"><br>I<\/h2>\n\n\n\n<hr class=\"wp-block-separator\"\/>\n\n\n\n<h2 class=\"wp-block-heading\"><br>J<\/h2>\n\n\n\n<h2 class=\"wp-block-heading\"><br>K<\/h2>\n\n\n\n<p class=\"has-normal-font-size\"><strong>Kit<\/strong> de point de croix :<br>Ensemble complet de fourniture n\u00e9cessaire pour faire un ouvrage au point croix. Il est g\u00e9n\u00e9ralement compos\u00e9 de fils, d&rsquo;une grille, d&rsquo;une aiguille et d&rsquo;une toile.<\/p>\n\n\n\n<hr class=\"wp-block-separator\"\/>\n\n\n\n<h2 class=\"wp-block-heading\"><br>L<\/h2>\n\n\n\n<p class=\"has-normal-font-size\"><strong>Licence<\/strong> (image ou personnage de fiction)&nbsp;:<br>Une \u0153uvre libre, ou contenu libre, est une \u0153uvre de l&rsquo;esprit (ce qui implique sa <strong>soumission au droit d&rsquo;auteur<\/strong>) dont la diffusion et la modification sont libres. Ces \u0153uvres sont notamment des images, des textes, de la musique et des logiciels dont chacun peut distribuer autant de copies qu&rsquo;il le souhaite, et aussi les modifier pour les am\u00e9liorer. La notion d&rsquo;\u0153uvre libre assure donc la libert\u00e9 d&rsquo;expression seulement dans la mesure o\u00f9 elle permet la libert\u00e9 de diffusion et de modification des informations contenues dans les \u0153uvres et le cas \u00e9ch\u00e9ant, la commercialisation.<br><strong>Les droits sont accord\u00e9s par les auteurs dans une licence associ\u00e9e au document<\/strong> dite licence libre ou licence de libre diffusion, ces derni\u00e8res \u00e9tant \u00e9galement appel\u00e9es licence ouverte, en fonction des droits c\u00e9d\u00e9s. Ces libert\u00e9s de l&rsquo;utilisateur vis-\u00e0-vis des \u0153uvres (usage, \u00e9tude, modification, diffusion) sont souvent associ\u00e9es \u00e0 des obligations (citer l&rsquo;auteur original, maintenir la licence originale) ou des restrictions (<strong>pas d&rsquo;usage commercial<\/strong>, interdiction de certains m\u00e9dias) choisies par l&rsquo;auteur.<\/p>\n\n\n\n<hr class=\"wp-block-separator\"\/>\n\n\n\n<h2 class=\"wp-block-heading\"><br>M<\/h2>\n\n\n\n<p class=\"has-normal-font-size\"><strong>Marques<\/strong> (personnages de fiction Disney, Pixar, \u2026)&nbsp;:<br>Voir Licence.<\/p>\n\n\n\n<p class=\"has-normal-font-size\"><strong>Mod\u00e8le<\/strong>&nbsp;:<br>Objet r\u00e9el dont on va chercher \u00e0 donner une repr\u00e9sentation (exemple&nbsp;: le \u00ab&nbsp;mod\u00e8le&nbsp;\u00bb du peintre).<\/p>\n\n\n\n<p class=\"has-normal-font-size\"><strong>Motifs<\/strong>&nbsp;:<br>Dessin, voir&nbsp;: mod\u00e8le.<\/p>\n\n\n\n<hr class=\"wp-block-separator\"\/>\n\n\n\n<h2 class=\"wp-block-heading\"><br>N<\/h2>\n\n\n\n<hr class=\"wp-block-separator\"\/>\n\n\n\n<h2 class=\"wp-block-heading\"><br>O<\/h2>\n\n\n\n<hr class=\"wp-block-separator\"\/>\n\n\n\n<h2 class=\"wp-block-heading\"><br>P<\/h2>\n\n\n\n<p class=\"has-normal-font-size\"><strong>Point de croix ou Point compt\u00e9<\/strong> :<br>Le point compt\u00e9 d\u00e9signe toute forme de broderie o\u00f9 le motif se constitue en comptant une quantit\u00e9 sp\u00e9cifique de points sur une trame r\u00e9guli\u00e8re, par opposition \u00e0 la broderie libre. Peut-\u00eatre la forme la mieux connue de point compt\u00e9 s&rsquo;appelle le point de croix. Tr\u00e8s r\u00e9pandu, et depuis longtemps dans le monde entier, ce point de broderie en forme de \u00ab&nbsp;x&nbsp;\u00bb est r\u00e9alis\u00e9 d&rsquo;apr\u00e8s un mod\u00e8le appel\u00e9 diagramme, parfois sur une toile pr\u00e9-imprim\u00e9e pour l&rsquo;apprentissage&nbsp;; l&rsquo;un des types d&rsquo;ouvrages les plus courants est l&rsquo;ab\u00e9c\u00e9daire.<\/p>\n\n\n\n<hr class=\"wp-block-separator\"\/>\n\n\n\n<h2 class=\"wp-block-heading\"><br>Q<\/h2>\n\n\n\n<hr class=\"wp-block-separator\"\/>\n\n\n\n<h2 class=\"wp-block-heading\"><br>R<\/h2>\n\n\n\n<hr class=\"wp-block-separator\"\/>\n\n\n\n<h2 class=\"wp-block-heading\"><br>S<\/h2>\n\n\n\n<p class=\"has-normal-font-size\"><strong>Super Point de Croix<\/strong> (logiciel)&nbsp;:<br>Voir cr\u00e9ation assist\u00e9e par ordinateur.<\/p>\n\n\n\n<hr class=\"wp-block-separator\"\/>\n\n\n\n<h2 class=\"wp-block-heading\"><br>T<\/h2>\n\n\n\n<p class=\"has-normal-font-size\"><strong>Tambour<\/strong>&nbsp;:<br>Pour les grands ouvrages, la toile est tendue sur un m\u00e9tier \u00e0 broder (ou un tambour \u00e0 broder), ce qui permet de garder une qualit\u00e9 et une tension constantes.<\/p>\n\n\n\n<p class=\"has-normal-font-size\"><strong>Toile<\/strong> :<br>Support textile \u00e0 broder.<br>Les toiles les plus utilis\u00e9es pour broder \u00e0 points compt\u00e9s se divisent en 2 cat\u00e9gories&nbsp;: les toiles A\u00efda, dont les fils forment des carr\u00e9s, et les toiles unifils, tiss\u00e9es avec un seul fil de trame et de cha\u00eene.<\/p>\n\n\n\n<hr class=\"wp-block-separator\"\/>\n\n\n\n<h2 class=\"wp-block-heading\"><br>U<\/h2>\n\n\n\n<hr class=\"wp-block-separator\"\/>\n\n\n\n<h2 class=\"wp-block-heading\"><br>V<\/h2>\n\n\n\n<hr class=\"wp-block-separator\"\/>\n\n\n\n<h2 class=\"wp-block-heading\"><br>W<\/h2>\n\n\n\n<hr class=\"wp-block-separator\"\/>\n\n\n\n<h2 class=\"wp-block-heading\"><br>X<\/h2>\n\n\n\n<hr class=\"wp-block-separator\"\/>\n\n\n\n<h2 class=\"wp-block-heading\"><br>Y<\/h2>\n\n\n\n<hr class=\"wp-block-separator\"\/>\n\n\n\n<h2 class=\"wp-block-heading\"><br>Z<\/h2>\n\n\n\n<p><\/p>\n","protected":false},"excerpt":{"rendered":"<p>Retrouvez ci-dessous la d\u00e9finition des mots ou expressions en italique des articles du blog. Mes sources&nbsp;:&#8211;&hellip;<\/p>\n","protected":false},"author":1,"featured_media":0,"parent":0,"menu_order":0,"comment_status":"closed","ping_status":"closed","template":"","meta":{"inline_featured_image":false,"_monsterinsights_skip_tracking":false,"_monsterinsights_sitenote_active":false,"_monsterinsights_sitenote_note":"","_monsterinsights_sitenote_category":0,"footnotes":""},"class_list":["post-2174","page","type-page","status-publish","hentry"],"yoast_head":"<!-- This site is optimized with the Yoast SEO plugin v27.5 - https:\/\/yoast.com\/product\/yoast-seo-wordpress\/ -->\n<title>Lexique - Les p\u2018tites croix de Magalie par Magalie Vincendon<\/title>\n<meta name=\"robots\" content=\"index, follow, max-snippet:-1, max-image-preview:large, max-video-preview:-1\" \/>\n<link rel=\"canonical\" href=\"https:\/\/lesptitescroixdemagalie.fr\/index.php\/lexique\/\" \/>\n<meta property=\"og:locale\" content=\"fr_FR\" \/>\n<meta property=\"og:type\" content=\"article\" \/>\n<meta property=\"og:title\" content=\"Lexique - Les p\u2018tites croix de Magalie par Magalie Vincendon\" \/>\n<meta property=\"og:description\" content=\"Retrouvez ci-dessous la d\u00e9finition des mots ou expressions en italique des articles du blog. Mes sources&nbsp;:&#8211;&hellip;\" \/>\n<meta property=\"og:url\" content=\"https:\/\/lesptitescroixdemagalie.fr\/index.php\/lexique\/\" \/>\n<meta property=\"og:site_name\" content=\"Les p\u2018tites croix de Magalie par Magalie Vincendon\" \/>\n<meta property=\"article:modified_time\" content=\"2020-08-01T18:44:31+00:00\" \/>\n<meta property=\"og:image\" content=\"https:\/\/lesptitescroixdemagalie.fr\/wp-content\/uploads\/2019\/12\/Photo-by-Ryan-Wallace-on-Unsplash-1024x683.jpg\" \/>\n<meta name=\"twitter:card\" content=\"summary_large_image\" \/>\n<meta name=\"twitter:label1\" content=\"Dur\u00e9e de lecture estim\u00e9e\" \/>\n\t<meta name=\"twitter:data1\" content=\"5 minutes\" \/>\n<script type=\"application\/ld+json\" class=\"yoast-schema-graph\">{\"@context\":\"https:\\\/\\\/schema.org\",\"@graph\":[{\"@type\":\"WebPage\",\"@id\":\"https:\\\/\\\/lesptitescroixdemagalie.fr\\\/index.php\\\/lexique\\\/\",\"url\":\"https:\\\/\\\/lesptitescroixdemagalie.fr\\\/index.php\\\/lexique\\\/\",\"name\":\"Lexique - Les p\u2018tites croix de Magalie par Magalie Vincendon\",\"isPartOf\":{\"@id\":\"https:\\\/\\\/lesptitescroixdemagalie.fr\\\/#website\"},\"primaryImageOfPage\":{\"@id\":\"https:\\\/\\\/lesptitescroixdemagalie.fr\\\/index.php\\\/lexique\\\/#primaryimage\"},\"image\":{\"@id\":\"https:\\\/\\\/lesptitescroixdemagalie.fr\\\/index.php\\\/lexique\\\/#primaryimage\"},\"thumbnailUrl\":\"https:\\\/\\\/lesptitescroixdemagalie.fr\\\/wp-content\\\/uploads\\\/2019\\\/12\\\/Photo-by-Ryan-Wallace-on-Unsplash-1024x683.jpg\",\"datePublished\":\"2020-07-19T19:34:05+00:00\",\"dateModified\":\"2020-08-01T18:44:31+00:00\",\"breadcrumb\":{\"@id\":\"https:\\\/\\\/lesptitescroixdemagalie.fr\\\/index.php\\\/lexique\\\/#breadcrumb\"},\"inLanguage\":\"fr-FR\",\"potentialAction\":[{\"@type\":\"ReadAction\",\"target\":[\"https:\\\/\\\/lesptitescroixdemagalie.fr\\\/index.php\\\/lexique\\\/\"]}]},{\"@type\":\"ImageObject\",\"inLanguage\":\"fr-FR\",\"@id\":\"https:\\\/\\\/lesptitescroixdemagalie.fr\\\/index.php\\\/lexique\\\/#primaryimage\",\"url\":\"https:\\\/\\\/lesptitescroixdemagalie.fr\\\/wp-content\\\/uploads\\\/2019\\\/12\\\/Photo-by-Ryan-Wallace-on-Unsplash-scaled.jpg\",\"contentUrl\":\"https:\\\/\\\/lesptitescroixdemagalie.fr\\\/wp-content\\\/uploads\\\/2019\\\/12\\\/Photo-by-Ryan-Wallace-on-Unsplash-scaled.jpg\",\"width\":2560,\"height\":1707},{\"@type\":\"BreadcrumbList\",\"@id\":\"https:\\\/\\\/lesptitescroixdemagalie.fr\\\/index.php\\\/lexique\\\/#breadcrumb\",\"itemListElement\":[{\"@type\":\"ListItem\",\"position\":1,\"name\":\"Accueil\",\"item\":\"https:\\\/\\\/lesptitescroixdemagalie.fr\\\/\"},{\"@type\":\"ListItem\",\"position\":2,\"name\":\"Lexique\"}]},{\"@type\":\"WebSite\",\"@id\":\"https:\\\/\\\/lesptitescroixdemagalie.fr\\\/#website\",\"url\":\"https:\\\/\\\/lesptitescroixdemagalie.fr\\\/\",\"name\":\"Les p\u2018tites croix de Magalie par Magalie Vincendon\",\"description\":\"Point de croix, D\u00e9tente, Partage &amp; Bien-Etre\",\"publisher\":{\"@id\":\"https:\\\/\\\/lesptitescroixdemagalie.fr\\\/#organization\"},\"potentialAction\":[{\"@type\":\"SearchAction\",\"target\":{\"@type\":\"EntryPoint\",\"urlTemplate\":\"https:\\\/\\\/lesptitescroixdemagalie.fr\\\/?s={search_term_string}\"},\"query-input\":{\"@type\":\"PropertyValueSpecification\",\"valueRequired\":true,\"valueName\":\"search_term_string\"}}],\"inLanguage\":\"fr-FR\"},{\"@type\":\"Organization\",\"@id\":\"https:\\\/\\\/lesptitescroixdemagalie.fr\\\/#organization\",\"name\":\"Les p'tites croix de Magalie\",\"url\":\"https:\\\/\\\/lesptitescroixdemagalie.fr\\\/\",\"logo\":{\"@type\":\"ImageObject\",\"inLanguage\":\"fr-FR\",\"@id\":\"https:\\\/\\\/lesptitescroixdemagalie.fr\\\/#\\\/schema\\\/logo\\\/image\\\/\",\"url\":\"https:\\\/\\\/lesptitescroixdemagalie.fr\\\/wp-content\\\/uploads\\\/2022\\\/07\\\/Logo-noir-fond-blanc.png\",\"contentUrl\":\"https:\\\/\\\/lesptitescroixdemagalie.fr\\\/wp-content\\\/uploads\\\/2022\\\/07\\\/Logo-noir-fond-blanc.png\",\"width\":280,\"height\":350,\"caption\":\"Les p'tites croix de Magalie\"},\"image\":{\"@id\":\"https:\\\/\\\/lesptitescroixdemagalie.fr\\\/#\\\/schema\\\/logo\\\/image\\\/\"}}]}<\/script>\n<!-- \/ Yoast SEO plugin. -->","yoast_head_json":{"title":"Lexique - Les p\u2018tites croix de Magalie par Magalie Vincendon","robots":{"index":"index","follow":"follow","max-snippet":"max-snippet:-1","max-image-preview":"max-image-preview:large","max-video-preview":"max-video-preview:-1"},"canonical":"https:\/\/lesptitescroixdemagalie.fr\/index.php\/lexique\/","og_locale":"fr_FR","og_type":"article","og_title":"Lexique - Les p\u2018tites croix de Magalie par Magalie Vincendon","og_description":"Retrouvez ci-dessous la d\u00e9finition des mots ou expressions en italique des articles du blog. Mes sources&nbsp;:&#8211;&hellip;","og_url":"https:\/\/lesptitescroixdemagalie.fr\/index.php\/lexique\/","og_site_name":"Les p\u2018tites croix de Magalie par Magalie Vincendon","article_modified_time":"2020-08-01T18:44:31+00:00","og_image":[{"url":"https:\/\/lesptitescroixdemagalie.fr\/wp-content\/uploads\/2019\/12\/Photo-by-Ryan-Wallace-on-Unsplash-1024x683.jpg","type":"","width":"","height":""}],"twitter_card":"summary_large_image","twitter_misc":{"Dur\u00e9e de lecture estim\u00e9e":"5 minutes"},"schema":{"@context":"https:\/\/schema.org","@graph":[{"@type":"WebPage","@id":"https:\/\/lesptitescroixdemagalie.fr\/index.php\/lexique\/","url":"https:\/\/lesptitescroixdemagalie.fr\/index.php\/lexique\/","name":"Lexique - Les p\u2018tites croix de Magalie par Magalie Vincendon","isPartOf":{"@id":"https:\/\/lesptitescroixdemagalie.fr\/#website"},"primaryImageOfPage":{"@id":"https:\/\/lesptitescroixdemagalie.fr\/index.php\/lexique\/#primaryimage"},"image":{"@id":"https:\/\/lesptitescroixdemagalie.fr\/index.php\/lexique\/#primaryimage"},"thumbnailUrl":"https:\/\/lesptitescroixdemagalie.fr\/wp-content\/uploads\/2019\/12\/Photo-by-Ryan-Wallace-on-Unsplash-1024x683.jpg","datePublished":"2020-07-19T19:34:05+00:00","dateModified":"2020-08-01T18:44:31+00:00","breadcrumb":{"@id":"https:\/\/lesptitescroixdemagalie.fr\/index.php\/lexique\/#breadcrumb"},"inLanguage":"fr-FR","potentialAction":[{"@type":"ReadAction","target":["https:\/\/lesptitescroixdemagalie.fr\/index.php\/lexique\/"]}]},{"@type":"ImageObject","inLanguage":"fr-FR","@id":"https:\/\/lesptitescroixdemagalie.fr\/index.php\/lexique\/#primaryimage","url":"https:\/\/lesptitescroixdemagalie.fr\/wp-content\/uploads\/2019\/12\/Photo-by-Ryan-Wallace-on-Unsplash-scaled.jpg","contentUrl":"https:\/\/lesptitescroixdemagalie.fr\/wp-content\/uploads\/2019\/12\/Photo-by-Ryan-Wallace-on-Unsplash-scaled.jpg","width":2560,"height":1707},{"@type":"BreadcrumbList","@id":"https:\/\/lesptitescroixdemagalie.fr\/index.php\/lexique\/#breadcrumb","itemListElement":[{"@type":"ListItem","position":1,"name":"Accueil","item":"https:\/\/lesptitescroixdemagalie.fr\/"},{"@type":"ListItem","position":2,"name":"Lexique"}]},{"@type":"WebSite","@id":"https:\/\/lesptitescroixdemagalie.fr\/#website","url":"https:\/\/lesptitescroixdemagalie.fr\/","name":"Les p\u2018tites croix de Magalie par Magalie Vincendon","description":"Point de croix, D\u00e9tente, Partage &amp; Bien-Etre","publisher":{"@id":"https:\/\/lesptitescroixdemagalie.fr\/#organization"},"potentialAction":[{"@type":"SearchAction","target":{"@type":"EntryPoint","urlTemplate":"https:\/\/lesptitescroixdemagalie.fr\/?s={search_term_string}"},"query-input":{"@type":"PropertyValueSpecification","valueRequired":true,"valueName":"search_term_string"}}],"inLanguage":"fr-FR"},{"@type":"Organization","@id":"https:\/\/lesptitescroixdemagalie.fr\/#organization","name":"Les p'tites croix de Magalie","url":"https:\/\/lesptitescroixdemagalie.fr\/","logo":{"@type":"ImageObject","inLanguage":"fr-FR","@id":"https:\/\/lesptitescroixdemagalie.fr\/#\/schema\/logo\/image\/","url":"https:\/\/lesptitescroixdemagalie.fr\/wp-content\/uploads\/2022\/07\/Logo-noir-fond-blanc.png","contentUrl":"https:\/\/lesptitescroixdemagalie.fr\/wp-content\/uploads\/2022\/07\/Logo-noir-fond-blanc.png","width":280,"height":350,"caption":"Les p'tites croix de Magalie"},"image":{"@id":"https:\/\/lesptitescroixdemagalie.fr\/#\/schema\/logo\/image\/"}}]}},"_links":{"self":[{"href":"https:\/\/lesptitescroixdemagalie.fr\/index.php\/wp-json\/wp\/v2\/pages\/2174","targetHints":{"allow":["GET"]}}],"collection":[{"href":"https:\/\/lesptitescroixdemagalie.fr\/index.php\/wp-json\/wp\/v2\/pages"}],"about":[{"href":"https:\/\/lesptitescroixdemagalie.fr\/index.php\/wp-json\/wp\/v2\/types\/page"}],"author":[{"embeddable":true,"href":"https:\/\/lesptitescroixdemagalie.fr\/index.php\/wp-json\/wp\/v2\/users\/1"}],"replies":[{"embeddable":true,"href":"https:\/\/lesptitescroixdemagalie.fr\/index.php\/wp-json\/wp\/v2\/comments?post=2174"}],"version-history":[{"count":13,"href":"https:\/\/lesptitescroixdemagalie.fr\/index.php\/wp-json\/wp\/v2\/pages\/2174\/revisions"}],"predecessor-version":[{"id":2450,"href":"https:\/\/lesptitescroixdemagalie.fr\/index.php\/wp-json\/wp\/v2\/pages\/2174\/revisions\/2450"}],"wp:attachment":[{"href":"https:\/\/lesptitescroixdemagalie.fr\/index.php\/wp-json\/wp\/v2\/media?parent=2174"}],"curies":[{"name":"wp","href":"https:\/\/api.w.org\/{rel}","templated":true}]}}