{"id":1822,"date":"2019-10-20T01:34:32","date_gmt":"2019-10-19T23:34:32","guid":{"rendered":"https:\/\/lesptitescroixdemagalie.fr\/?page_id=1822"},"modified":"2021-11-07T11:25:31","modified_gmt":"2021-11-07T10:25:31","slug":"tutos","status":"publish","type":"page","link":"https:\/\/lesptitescroixdemagalie.fr\/index.php\/tutos\/","title":{"rendered":"Tutos et bo\u00eete \u00e0 outils"},"content":{"rendered":"\n<div class=\"wp-block-image\"><figure class=\"aligncenter size-large is-resized\"><img fetchpriority=\"high\" decoding=\"async\" src=\"https:\/\/lesptitescroixdemagalie.fr\/wp-content\/uploads\/2019\/12\/Image-parAnna-Prosekova-de-Pixabay--1024x684.jpg\" alt=\"\" class=\"wp-image-1896\" width=\"768\" height=\"513\" srcset=\"https:\/\/lesptitescroixdemagalie.fr\/wp-content\/uploads\/2019\/12\/Image-parAnna-Prosekova-de-Pixabay--1024x684.jpg 1024w, https:\/\/lesptitescroixdemagalie.fr\/wp-content\/uploads\/2019\/12\/Image-parAnna-Prosekova-de-Pixabay--600x401.jpg 600w, https:\/\/lesptitescroixdemagalie.fr\/wp-content\/uploads\/2019\/12\/Image-parAnna-Prosekova-de-Pixabay--300x200.jpg 300w, https:\/\/lesptitescroixdemagalie.fr\/wp-content\/uploads\/2019\/12\/Image-parAnna-Prosekova-de-Pixabay--768x513.jpg 768w, https:\/\/lesptitescroixdemagalie.fr\/wp-content\/uploads\/2019\/12\/Image-parAnna-Prosekova-de-Pixabay--1536x1026.jpg 1536w, https:\/\/lesptitescroixdemagalie.fr\/wp-content\/uploads\/2019\/12\/Image-parAnna-Prosekova-de-Pixabay--1170x782.jpg 1170w, https:\/\/lesptitescroixdemagalie.fr\/wp-content\/uploads\/2019\/12\/Image-parAnna-Prosekova-de-Pixabay--585x391.jpg 585w, https:\/\/lesptitescroixdemagalie.fr\/wp-content\/uploads\/2019\/12\/Image-parAnna-Prosekova-de-Pixabay--263x175.jpg 263w, https:\/\/lesptitescroixdemagalie.fr\/wp-content\/uploads\/2019\/12\/Image-parAnna-Prosekova-de-Pixabay-.jpg 1920w\" sizes=\"(max-width: 768px) 100vw, 768px\" \/><figcaption><em>Source : Internet<\/em><\/figcaption><\/figure><\/div>\n\n\n\n<h2 class=\"has-text-align-center wp-block-heading\"><strong> Passons \u00e0 la pratique&nbsp;! <\/strong><br><br><br><\/h2>\n\n\n\n<h2 class=\"has-text-align-center wp-block-heading\"><strong>Les Tutoriels<\/strong><br><br><br><\/h2>\n\n\n\n<div class=\"wp-block-columns is-layout-flex wp-container-core-columns-is-layout-9d6595d7 wp-block-columns-is-layout-flex\">\n<div class=\"wp-block-column is-layout-flow wp-block-column-is-layout-flow\">\n<div class=\"wp-block-cover has-background-dim\" style=\"min-height:183px;aspect-ratio:unset;\"><img decoding=\"async\" class=\"wp-block-cover__image-background wp-image-2465\" alt=\"\" src=\"https:\/\/lesptitescroixdemagalie.fr\/wp-content\/uploads\/2020\/08\/Tout-le-materiel.png\" data-object-fit=\"cover\"\/><div class=\"wp-block-cover__inner-container is-layout-flow wp-block-cover-is-layout-flow\">\n<p class=\"has-text-align-center has-text-color\" style=\"color:#eaa7a1;font-size:25px\"><a href=\"https:\/\/lesptitescroixdemagalie.fr\/index.php\/2020\/08\/20\/pour-bien-commencer-il-faut-etre-bien-equipe-les-5-outils-essentiels-et-les-2-ou-3-accessoires-qui-vont-bien\/\">Pour bien commencer il faut \u00eatre bien \u00e9quip\u00e9 :<\/a><br><a href=\"https:\/\/lesptitescroixdemagalie.fr\/index.php\/2020\/08\/20\/pour-bien-commencer-il-faut-etre-bien-equipe-les-5-outils-essentiels-et-les-2-ou-3-accessoires-qui-vont-bien\/\">les 5 outils essentiels<\/a><br><a href=\"https:\/\/lesptitescroixdemagalie.fr\/index.php\/2020\/08\/20\/pour-bien-commencer-il-faut-etre-bien-equipe-les-5-outils-essentiels-et-les-2-ou-3-accessoires-qui-vont-bien\/\">et les 2 ou 3 accessoires qui vont bien !<\/a><\/p>\n<\/div><\/div>\n<\/div>\n\n\n\n<div class=\"wp-block-column is-layout-flow wp-block-column-is-layout-flow\">\n<div class=\"wp-block-cover has-background-dim\" style=\"min-height:183px;aspect-ratio:unset;\"><img decoding=\"async\" class=\"wp-block-cover__image-background wp-image-2626\" alt=\"\" src=\"https:\/\/lesptitescroixdemagalie.fr\/wp-content\/uploads\/2020\/09\/Modele-Cerises-complet.png\" style=\"object-position:9% 60%\" data-object-fit=\"cover\" data-object-position=\"9% 60%\"\/><div class=\"wp-block-cover__inner-container is-layout-flow wp-block-cover-is-layout-flow\">\n<p class=\"has-text-align-center has-text-color\" style=\"color:#eaa7a1;font-size:25px\"><a href=\"https:\/\/lesptitescroixdemagalie.fr\/index.php\/2020\/09\/28\/pour-bien-commencer-le-modele-et-la-pratique-suite-et-fin\/\">Pour bien commencer : Le mod\u00e8le et la pratique ! (suite et fin)<\/a><\/p>\n<\/div><\/div>\n<\/div>\n<\/div>\n\n\n\n<p><br><\/p>\n\n\n\n<hr class=\"wp-block-separator\"\/>\n\n\n\n<p><br><\/p>\n\n\n\n<h2 class=\"has-text-align-center wp-block-heading\"><strong>Bo\u00eete \u00e0 outils<\/strong><br><\/h2>\n\n\n\n<p class=\"has-text-align-center\" style=\"font-size:19px\"><strong>Besoin d&rsquo;aide pour avancer !<br>Vous trouverez ici des outils qui vous aiderons dans votre apprentissage.<br>Contactez-moi si besoin en cliquant <a href=\"https:\/\/lesptitescroixdemagalie.fr\/index.php\/contact\/\">ici<\/a>.<\/strong><br><\/p>\n\n\n\n<div class=\"wp-block-columns is-layout-flex wp-container-core-columns-is-layout-9d6595d7 wp-block-columns-is-layout-flex\">\n<div class=\"wp-block-column is-layout-flow wp-block-column-is-layout-flow\">\n<div class=\"wp-block-cover has-background-dim-40 has-background-dim\" style=\"min-height:183px;aspect-ratio:unset;\"><img decoding=\"async\" width=\"2560\" height=\"1920\" class=\"wp-block-cover__image-background wp-image-1907\" alt=\"\" src=\"https:\/\/lesptitescroixdemagalie.fr\/wp-content\/uploads\/2019\/12\/Photo-prise-par-Bru-nO-scaled.jpg\" data-object-fit=\"cover\" srcset=\"https:\/\/lesptitescroixdemagalie.fr\/wp-content\/uploads\/2019\/12\/Photo-prise-par-Bru-nO-scaled.jpg 2560w, https:\/\/lesptitescroixdemagalie.fr\/wp-content\/uploads\/2019\/12\/Photo-prise-par-Bru-nO-scaled-600x450.jpg 600w, https:\/\/lesptitescroixdemagalie.fr\/wp-content\/uploads\/2019\/12\/Photo-prise-par-Bru-nO-300x225.jpg 300w, https:\/\/lesptitescroixdemagalie.fr\/wp-content\/uploads\/2019\/12\/Photo-prise-par-Bru-nO-1024x768.jpg 1024w, https:\/\/lesptitescroixdemagalie.fr\/wp-content\/uploads\/2019\/12\/Photo-prise-par-Bru-nO-768x576.jpg 768w, https:\/\/lesptitescroixdemagalie.fr\/wp-content\/uploads\/2019\/12\/Photo-prise-par-Bru-nO-1536x1152.jpg 1536w, https:\/\/lesptitescroixdemagalie.fr\/wp-content\/uploads\/2019\/12\/Photo-prise-par-Bru-nO-2048x1536.jpg 2048w, https:\/\/lesptitescroixdemagalie.fr\/wp-content\/uploads\/2019\/12\/Photo-prise-par-Bru-nO-1170x878.jpg 1170w, https:\/\/lesptitescroixdemagalie.fr\/wp-content\/uploads\/2019\/12\/Photo-prise-par-Bru-nO-1920x1440.jpg 1920w, https:\/\/lesptitescroixdemagalie.fr\/wp-content\/uploads\/2019\/12\/Photo-prise-par-Bru-nO-585x439.jpg 585w\" sizes=\"(max-width: 2560px) 100vw, 2560px\" \/><div class=\"wp-block-cover__inner-container is-layout-flow wp-block-cover-is-layout-flow\">\n<p class=\"has-text-align-center has-text-color has-large-font-size\" style=\"color:#eaa7a1\"><a href=\"https:\/\/lesptitescroixdemagalie.fr\/index.php\/carnet-d-adresses\/\">Carnet d&rsquo;adresses<\/a><\/p>\n<\/div><\/div>\n<\/div>\n\n\n\n<div class=\"wp-block-column is-layout-flow wp-block-column-is-layout-flow\">\n<div class=\"wp-block-cover has-background-dim-40 has-background-dim\" style=\"min-height:183px;aspect-ratio:unset;\"><img decoding=\"async\" width=\"2560\" height=\"1707\" class=\"wp-block-cover__image-background wp-image-1905\" alt=\"\" src=\"https:\/\/lesptitescroixdemagalie.fr\/wp-content\/uploads\/2019\/12\/Photo-by-Ryan-Wallace-on-Unsplash-scaled.jpg\" data-object-fit=\"cover\" srcset=\"https:\/\/lesptitescroixdemagalie.fr\/wp-content\/uploads\/2019\/12\/Photo-by-Ryan-Wallace-on-Unsplash-scaled.jpg 2560w, https:\/\/lesptitescroixdemagalie.fr\/wp-content\/uploads\/2019\/12\/Photo-by-Ryan-Wallace-on-Unsplash-scaled-600x400.jpg 600w, https:\/\/lesptitescroixdemagalie.fr\/wp-content\/uploads\/2019\/12\/Photo-by-Ryan-Wallace-on-Unsplash-300x200.jpg 300w, https:\/\/lesptitescroixdemagalie.fr\/wp-content\/uploads\/2019\/12\/Photo-by-Ryan-Wallace-on-Unsplash-1024x683.jpg 1024w, https:\/\/lesptitescroixdemagalie.fr\/wp-content\/uploads\/2019\/12\/Photo-by-Ryan-Wallace-on-Unsplash-768x512.jpg 768w, https:\/\/lesptitescroixdemagalie.fr\/wp-content\/uploads\/2019\/12\/Photo-by-Ryan-Wallace-on-Unsplash-1536x1024.jpg 1536w, https:\/\/lesptitescroixdemagalie.fr\/wp-content\/uploads\/2019\/12\/Photo-by-Ryan-Wallace-on-Unsplash-2048x1365.jpg 2048w, https:\/\/lesptitescroixdemagalie.fr\/wp-content\/uploads\/2019\/12\/Photo-by-Ryan-Wallace-on-Unsplash-1170x780.jpg 1170w, https:\/\/lesptitescroixdemagalie.fr\/wp-content\/uploads\/2019\/12\/Photo-by-Ryan-Wallace-on-Unsplash-1920x1280.jpg 1920w, https:\/\/lesptitescroixdemagalie.fr\/wp-content\/uploads\/2019\/12\/Photo-by-Ryan-Wallace-on-Unsplash-585x390.jpg 585w, https:\/\/lesptitescroixdemagalie.fr\/wp-content\/uploads\/2019\/12\/Photo-by-Ryan-Wallace-on-Unsplash-263x175.jpg 263w\" sizes=\"(max-width: 2560px) 100vw, 2560px\" \/><div class=\"wp-block-cover__inner-container is-layout-flow wp-block-cover-is-layout-flow\">\n<p class=\"has-text-align-center has-text-color has-large-font-size\" style=\"color:#eaa7a1\"><a href=\"https:\/\/lesptitescroixdemagalie.fr\/index.php\/lexique\/\">Lexique<\/a><\/p>\n<\/div><\/div>\n<\/div>\n<\/div>\n\n\n\n<p><br><\/p>\n\n\n\n<div class=\"wp-block-columns is-layout-flex wp-container-core-columns-is-layout-9d6595d7 wp-block-columns-is-layout-flex\">\n<div class=\"wp-block-column is-layout-flow wp-block-column-is-layout-flow\">\n<div class=\"wp-block-cover has-background-dim\" style=\"min-height:183px;aspect-ratio:unset;\"><img loading=\"lazy\" decoding=\"async\" width=\"272\" height=\"220\" class=\"wp-block-cover__image-background wp-image-2541\" alt=\"\" src=\"https:\/\/lesptitescroixdemagalie.fr\/wp-content\/uploads\/2020\/08\/CotonMoulineDMC.png\" data-object-fit=\"cover\"\/><div class=\"wp-block-cover__inner-container is-layout-flow wp-block-cover-is-layout-flow\">\n<p class=\"has-text-align-center has-text-color has-large-font-size\" style=\"color:#eaa7a1\"><a href=\"https:\/\/lesptitescroixdemagalie.fr\/wp-content\/uploads\/2020\/08\/Tuto-1-BONUS-1-Tableau-de-conversion.pdf\">Tableau de conversion<\/a><\/p>\n<\/div><\/div>\n\n\n\n<p><\/p>\n<\/div>\n\n\n\n<div class=\"wp-block-column is-layout-flow wp-block-column-is-layout-flow\"><\/div>\n<\/div>\n","protected":false},"excerpt":{"rendered":"<p>Passons \u00e0 la pratique&nbsp;! Les Tutoriels Bo\u00eete \u00e0 outils Besoin d&rsquo;aide pour avancer !Vous trouverez ici&hellip;<\/p>\n","protected":false},"author":1,"featured_media":0,"parent":0,"menu_order":0,"comment_status":"closed","ping_status":"closed","template":"","meta":{"inline_featured_image":false,"_monsterinsights_skip_tracking":false,"_monsterinsights_sitenote_active":false,"_monsterinsights_sitenote_note":"","_monsterinsights_sitenote_category":0,"footnotes":""},"class_list":["post-1822","page","type-page","status-publish","hentry"],"yoast_head":"<!-- This site is optimized with the Yoast SEO plugin v27.5 - https:\/\/yoast.com\/product\/yoast-seo-wordpress\/ -->\n<title>Tutos et bo\u00eete \u00e0 outils - Les p\u2018tites croix de Magalie par Magalie Vincendon<\/title>\n<meta name=\"robots\" content=\"index, follow, max-snippet:-1, max-image-preview:large, max-video-preview:-1\" \/>\n<link rel=\"canonical\" href=\"https:\/\/lesptitescroixdemagalie.fr\/index.php\/tutos\/\" \/>\n<meta property=\"og:locale\" content=\"fr_FR\" \/>\n<meta property=\"og:type\" content=\"article\" \/>\n<meta property=\"og:title\" content=\"Tutos et bo\u00eete \u00e0 outils - Les p\u2018tites croix de Magalie par Magalie Vincendon\" \/>\n<meta property=\"og:description\" content=\"Passons \u00e0 la pratique&nbsp;! Les Tutoriels Bo\u00eete \u00e0 outils Besoin d&rsquo;aide pour avancer !Vous trouverez ici&hellip;\" \/>\n<meta property=\"og:url\" content=\"https:\/\/lesptitescroixdemagalie.fr\/index.php\/tutos\/\" \/>\n<meta property=\"og:site_name\" content=\"Les p\u2018tites croix de Magalie par Magalie Vincendon\" \/>\n<meta property=\"article:modified_time\" content=\"2021-11-07T10:25:31+00:00\" \/>\n<meta property=\"og:image\" content=\"https:\/\/lesptitescroixdemagalie.fr\/wp-content\/uploads\/2019\/12\/Image-parAnna-Prosekova-de-Pixabay--1024x684.jpg\" \/>\n<meta name=\"twitter:card\" content=\"summary_large_image\" \/>\n<meta name=\"twitter:label1\" content=\"Dur\u00e9e de lecture estim\u00e9e\" \/>\n\t<meta name=\"twitter:data1\" content=\"2 minutes\" \/>\n<script type=\"application\/ld+json\" class=\"yoast-schema-graph\">{\"@context\":\"https:\\\/\\\/schema.org\",\"@graph\":[{\"@type\":\"WebPage\",\"@id\":\"https:\\\/\\\/lesptitescroixdemagalie.fr\\\/index.php\\\/tutos\\\/\",\"url\":\"https:\\\/\\\/lesptitescroixdemagalie.fr\\\/index.php\\\/tutos\\\/\",\"name\":\"Tutos et bo\u00eete \u00e0 outils - Les p\u2018tites croix de Magalie par Magalie Vincendon\",\"isPartOf\":{\"@id\":\"https:\\\/\\\/lesptitescroixdemagalie.fr\\\/#website\"},\"primaryImageOfPage\":{\"@id\":\"https:\\\/\\\/lesptitescroixdemagalie.fr\\\/index.php\\\/tutos\\\/#primaryimage\"},\"image\":{\"@id\":\"https:\\\/\\\/lesptitescroixdemagalie.fr\\\/index.php\\\/tutos\\\/#primaryimage\"},\"thumbnailUrl\":\"https:\\\/\\\/lesptitescroixdemagalie.fr\\\/wp-content\\\/uploads\\\/2019\\\/12\\\/Image-parAnna-Prosekova-de-Pixabay--1024x684.jpg\",\"datePublished\":\"2019-10-19T23:34:32+00:00\",\"dateModified\":\"2021-11-07T10:25:31+00:00\",\"breadcrumb\":{\"@id\":\"https:\\\/\\\/lesptitescroixdemagalie.fr\\\/index.php\\\/tutos\\\/#breadcrumb\"},\"inLanguage\":\"fr-FR\",\"potentialAction\":[{\"@type\":\"ReadAction\",\"target\":[\"https:\\\/\\\/lesptitescroixdemagalie.fr\\\/index.php\\\/tutos\\\/\"]}]},{\"@type\":\"ImageObject\",\"inLanguage\":\"fr-FR\",\"@id\":\"https:\\\/\\\/lesptitescroixdemagalie.fr\\\/index.php\\\/tutos\\\/#primaryimage\",\"url\":\"https:\\\/\\\/lesptitescroixdemagalie.fr\\\/wp-content\\\/uploads\\\/2019\\\/12\\\/Image-parAnna-Prosekova-de-Pixabay-.jpg\",\"contentUrl\":\"https:\\\/\\\/lesptitescroixdemagalie.fr\\\/wp-content\\\/uploads\\\/2019\\\/12\\\/Image-parAnna-Prosekova-de-Pixabay-.jpg\",\"width\":1920,\"height\":1283},{\"@type\":\"BreadcrumbList\",\"@id\":\"https:\\\/\\\/lesptitescroixdemagalie.fr\\\/index.php\\\/tutos\\\/#breadcrumb\",\"itemListElement\":[{\"@type\":\"ListItem\",\"position\":1,\"name\":\"Accueil\",\"item\":\"https:\\\/\\\/lesptitescroixdemagalie.fr\\\/\"},{\"@type\":\"ListItem\",\"position\":2,\"name\":\"Tutos et bo\u00eete \u00e0 outils\"}]},{\"@type\":\"WebSite\",\"@id\":\"https:\\\/\\\/lesptitescroixdemagalie.fr\\\/#website\",\"url\":\"https:\\\/\\\/lesptitescroixdemagalie.fr\\\/\",\"name\":\"Les p\u2018tites croix de Magalie par Magalie Vincendon\",\"description\":\"Point de croix, D\u00e9tente, Partage &amp; Bien-Etre\",\"publisher\":{\"@id\":\"https:\\\/\\\/lesptitescroixdemagalie.fr\\\/#organization\"},\"potentialAction\":[{\"@type\":\"SearchAction\",\"target\":{\"@type\":\"EntryPoint\",\"urlTemplate\":\"https:\\\/\\\/lesptitescroixdemagalie.fr\\\/?s={search_term_string}\"},\"query-input\":{\"@type\":\"PropertyValueSpecification\",\"valueRequired\":true,\"valueName\":\"search_term_string\"}}],\"inLanguage\":\"fr-FR\"},{\"@type\":\"Organization\",\"@id\":\"https:\\\/\\\/lesptitescroixdemagalie.fr\\\/#organization\",\"name\":\"Les p'tites croix de Magalie\",\"url\":\"https:\\\/\\\/lesptitescroixdemagalie.fr\\\/\",\"logo\":{\"@type\":\"ImageObject\",\"inLanguage\":\"fr-FR\",\"@id\":\"https:\\\/\\\/lesptitescroixdemagalie.fr\\\/#\\\/schema\\\/logo\\\/image\\\/\",\"url\":\"https:\\\/\\\/lesptitescroixdemagalie.fr\\\/wp-content\\\/uploads\\\/2022\\\/07\\\/Logo-noir-fond-blanc.png\",\"contentUrl\":\"https:\\\/\\\/lesptitescroixdemagalie.fr\\\/wp-content\\\/uploads\\\/2022\\\/07\\\/Logo-noir-fond-blanc.png\",\"width\":280,\"height\":350,\"caption\":\"Les p'tites croix de Magalie\"},\"image\":{\"@id\":\"https:\\\/\\\/lesptitescroixdemagalie.fr\\\/#\\\/schema\\\/logo\\\/image\\\/\"}}]}<\/script>\n<!-- \/ Yoast SEO plugin. -->","yoast_head_json":{"title":"Tutos et bo\u00eete \u00e0 outils - Les p\u2018tites croix de Magalie par Magalie Vincendon","robots":{"index":"index","follow":"follow","max-snippet":"max-snippet:-1","max-image-preview":"max-image-preview:large","max-video-preview":"max-video-preview:-1"},"canonical":"https:\/\/lesptitescroixdemagalie.fr\/index.php\/tutos\/","og_locale":"fr_FR","og_type":"article","og_title":"Tutos et bo\u00eete \u00e0 outils - Les p\u2018tites croix de Magalie par Magalie Vincendon","og_description":"Passons \u00e0 la pratique&nbsp;! Les Tutoriels Bo\u00eete \u00e0 outils Besoin d&rsquo;aide pour avancer !Vous trouverez ici&hellip;","og_url":"https:\/\/lesptitescroixdemagalie.fr\/index.php\/tutos\/","og_site_name":"Les p\u2018tites croix de Magalie par Magalie Vincendon","article_modified_time":"2021-11-07T10:25:31+00:00","og_image":[{"url":"https:\/\/lesptitescroixdemagalie.fr\/wp-content\/uploads\/2019\/12\/Image-parAnna-Prosekova-de-Pixabay--1024x684.jpg","type":"","width":"","height":""}],"twitter_card":"summary_large_image","twitter_misc":{"Dur\u00e9e de lecture estim\u00e9e":"2 minutes"},"schema":{"@context":"https:\/\/schema.org","@graph":[{"@type":"WebPage","@id":"https:\/\/lesptitescroixdemagalie.fr\/index.php\/tutos\/","url":"https:\/\/lesptitescroixdemagalie.fr\/index.php\/tutos\/","name":"Tutos et bo\u00eete \u00e0 outils - Les p\u2018tites croix de Magalie par Magalie Vincendon","isPartOf":{"@id":"https:\/\/lesptitescroixdemagalie.fr\/#website"},"primaryImageOfPage":{"@id":"https:\/\/lesptitescroixdemagalie.fr\/index.php\/tutos\/#primaryimage"},"image":{"@id":"https:\/\/lesptitescroixdemagalie.fr\/index.php\/tutos\/#primaryimage"},"thumbnailUrl":"https:\/\/lesptitescroixdemagalie.fr\/wp-content\/uploads\/2019\/12\/Image-parAnna-Prosekova-de-Pixabay--1024x684.jpg","datePublished":"2019-10-19T23:34:32+00:00","dateModified":"2021-11-07T10:25:31+00:00","breadcrumb":{"@id":"https:\/\/lesptitescroixdemagalie.fr\/index.php\/tutos\/#breadcrumb"},"inLanguage":"fr-FR","potentialAction":[{"@type":"ReadAction","target":["https:\/\/lesptitescroixdemagalie.fr\/index.php\/tutos\/"]}]},{"@type":"ImageObject","inLanguage":"fr-FR","@id":"https:\/\/lesptitescroixdemagalie.fr\/index.php\/tutos\/#primaryimage","url":"https:\/\/lesptitescroixdemagalie.fr\/wp-content\/uploads\/2019\/12\/Image-parAnna-Prosekova-de-Pixabay-.jpg","contentUrl":"https:\/\/lesptitescroixdemagalie.fr\/wp-content\/uploads\/2019\/12\/Image-parAnna-Prosekova-de-Pixabay-.jpg","width":1920,"height":1283},{"@type":"BreadcrumbList","@id":"https:\/\/lesptitescroixdemagalie.fr\/index.php\/tutos\/#breadcrumb","itemListElement":[{"@type":"ListItem","position":1,"name":"Accueil","item":"https:\/\/lesptitescroixdemagalie.fr\/"},{"@type":"ListItem","position":2,"name":"Tutos et bo\u00eete \u00e0 outils"}]},{"@type":"WebSite","@id":"https:\/\/lesptitescroixdemagalie.fr\/#website","url":"https:\/\/lesptitescroixdemagalie.fr\/","name":"Les p\u2018tites croix de Magalie par Magalie Vincendon","description":"Point de croix, D\u00e9tente, Partage &amp; Bien-Etre","publisher":{"@id":"https:\/\/lesptitescroixdemagalie.fr\/#organization"},"potentialAction":[{"@type":"SearchAction","target":{"@type":"EntryPoint","urlTemplate":"https:\/\/lesptitescroixdemagalie.fr\/?s={search_term_string}"},"query-input":{"@type":"PropertyValueSpecification","valueRequired":true,"valueName":"search_term_string"}}],"inLanguage":"fr-FR"},{"@type":"Organization","@id":"https:\/\/lesptitescroixdemagalie.fr\/#organization","name":"Les p'tites croix de Magalie","url":"https:\/\/lesptitescroixdemagalie.fr\/","logo":{"@type":"ImageObject","inLanguage":"fr-FR","@id":"https:\/\/lesptitescroixdemagalie.fr\/#\/schema\/logo\/image\/","url":"https:\/\/lesptitescroixdemagalie.fr\/wp-content\/uploads\/2022\/07\/Logo-noir-fond-blanc.png","contentUrl":"https:\/\/lesptitescroixdemagalie.fr\/wp-content\/uploads\/2022\/07\/Logo-noir-fond-blanc.png","width":280,"height":350,"caption":"Les p'tites croix de Magalie"},"image":{"@id":"https:\/\/lesptitescroixdemagalie.fr\/#\/schema\/logo\/image\/"}}]}},"_links":{"self":[{"href":"https:\/\/lesptitescroixdemagalie.fr\/index.php\/wp-json\/wp\/v2\/pages\/1822","targetHints":{"allow":["GET"]}}],"collection":[{"href":"https:\/\/lesptitescroixdemagalie.fr\/index.php\/wp-json\/wp\/v2\/pages"}],"about":[{"href":"https:\/\/lesptitescroixdemagalie.fr\/index.php\/wp-json\/wp\/v2\/types\/page"}],"author":[{"embeddable":true,"href":"https:\/\/lesptitescroixdemagalie.fr\/index.php\/wp-json\/wp\/v2\/users\/1"}],"replies":[{"embeddable":true,"href":"https:\/\/lesptitescroixdemagalie.fr\/index.php\/wp-json\/wp\/v2\/comments?post=1822"}],"version-history":[{"count":31,"href":"https:\/\/lesptitescroixdemagalie.fr\/index.php\/wp-json\/wp\/v2\/pages\/1822\/revisions"}],"predecessor-version":[{"id":3777,"href":"https:\/\/lesptitescroixdemagalie.fr\/index.php\/wp-json\/wp\/v2\/pages\/1822\/revisions\/3777"}],"wp:attachment":[{"href":"https:\/\/lesptitescroixdemagalie.fr\/index.php\/wp-json\/wp\/v2\/media?parent=1822"}],"curies":[{"name":"wp","href":"https:\/\/api.w.org\/{rel}","templated":true}]}}