{"id":1694,"date":"2018-08-24T03:50:19","date_gmt":"2018-08-24T03:50:19","guid":{"rendered":"http:\/\/soledad.pencidesign.com\/soledad-elegant-blog\/?page_id=8"},"modified":"2020-07-12T21:34:39","modified_gmt":"2020-07-12T19:34:39","slug":"contact","status":"publish","type":"page","link":"https:\/\/lesptitescroixdemagalie.fr\/index.php\/contact\/","title":{"rendered":"Contact"},"content":{"rendered":"\n<figure class=\"wp-block-image alignwide size-large\"><img fetchpriority=\"high\" decoding=\"async\" width=\"460\" height=\"340\" src=\"https:\/\/lesptitescroixdemagalie.fr\/wp-content\/uploads\/2019\/12\/Photosphere-9.jpg\" alt=\"\" class=\"wp-image-1926\" srcset=\"https:\/\/lesptitescroixdemagalie.fr\/wp-content\/uploads\/2019\/12\/Photosphere-9.jpg 460w, https:\/\/lesptitescroixdemagalie.fr\/wp-content\/uploads\/2019\/12\/Photosphere-9-416x307.jpg 416w, https:\/\/lesptitescroixdemagalie.fr\/wp-content\/uploads\/2019\/12\/Photosphere-9-300x222.jpg 300w\" sizes=\"(max-width: 460px) 100vw, 460px\" \/><figcaption><em>Source :  internet<\/em><\/figcaption><\/figure>\n\n\n<h4 style=\"text-align: center;\">Vous avez une question, un commentaire ? Voulez-vous collaborer d&rsquo;une mani\u00e8re ou d&rsquo;une autre ? Juste quelque chose de gentil \u00e0 dire ? J&rsquo;adorerais avoir de vos nouvelles ! Envoyez-moi un message ci-dessous et je serai s\u00fbr de vous r\u00e9pondre le plus rapidement possible. Merci !<\/h4>\n<h4 style=\"text-align: center;\">Email: <a href=\"mailto:magalie@lesptitescroixdemagalie.fr\">magalie@lesptitescroixdemagalie.fr<\/a><\/h4>\n<h4 style=\"text-align: center;\"><strong><br \/>ou remplissez le formulaire ci-dessous :<br \/><br \/><\/strong><\/h4>\n\n\n\n<div class=\"wpcf7 no-js\" id=\"wpcf7-f2410-o1\" lang=\"fr-FR\" dir=\"ltr\" data-wpcf7-id=\"2410\">\n<div class=\"screen-reader-response\"><p role=\"status\" aria-live=\"polite\" aria-atomic=\"true\"><\/p> <ul><\/ul><\/div>\n<form action=\"\/index.php\/wp-json\/wp\/v2\/pages\/1694#wpcf7-f2410-o1\" method=\"post\" class=\"wpcf7-form init\" aria-label=\"Formulaire de contact\" novalidate=\"novalidate\" data-status=\"init\">\n<fieldset class=\"hidden-fields-container\"><input type=\"hidden\" name=\"_wpcf7\" value=\"2410\" \/><input type=\"hidden\" name=\"_wpcf7_version\" value=\"6.1.5\" \/><input type=\"hidden\" name=\"_wpcf7_locale\" value=\"fr_FR\" \/><input type=\"hidden\" name=\"_wpcf7_unit_tag\" value=\"wpcf7-f2410-o1\" \/><input type=\"hidden\" name=\"_wpcf7_container_post\" value=\"0\" \/><input type=\"hidden\" name=\"_wpcf7_posted_data_hash\" value=\"\" \/>\n<\/fieldset>\n<p><label> Votre Pr\u00e9nom (obligatoire)<br \/>\n<span class=\"wpcf7-form-control-wrap\" data-name=\"votre-prenom\"><input size=\"40\" maxlength=\"400\" class=\"wpcf7-form-control wpcf7-text wpcf7-validates-as-required\" aria-required=\"true\" aria-invalid=\"false\" value=\"\" type=\"text\" name=\"votre-prenom\" \/><\/span> <\/label>\n<\/p>\n<p><label> Votre Email (obligatoire)<br \/>\n<span class=\"wpcf7-form-control-wrap\" data-name=\"votre-email\"><input size=\"40\" maxlength=\"400\" class=\"wpcf7-form-control wpcf7-email wpcf7-validates-as-required wpcf7-text wpcf7-validates-as-email\" aria-required=\"true\" aria-invalid=\"false\" value=\"\" type=\"email\" name=\"votre-email\" \/><\/span> <\/label>\n<\/p>\n<p><label> Objet<br \/>\n<span class=\"wpcf7-form-control-wrap\" data-name=\"votre-objet\"><input size=\"40\" maxlength=\"400\" class=\"wpcf7-form-control wpcf7-text\" aria-invalid=\"false\" value=\"\" type=\"text\" name=\"votre-objet\" \/><\/span> <\/label>\n<\/p>\n<p><label> Votre Message<br \/>\n<span class=\"wpcf7-form-control-wrap\" data-name=\"votre-message\"><textarea cols=\"40\" rows=\"10\" maxlength=\"2000\" class=\"wpcf7-form-control wpcf7-textarea\" aria-invalid=\"false\" name=\"votre-message\"><\/textarea><\/span> <\/label>\n<\/p>\n<p><input class=\"wpcf7-form-control wpcf7-submit has-spinner\" type=\"submit\" value=\"Envoyer\" \/>\n<\/p><p style=\"display: none !important;\" class=\"akismet-fields-container\" data-prefix=\"_wpcf7_ak_\"><label>&#916;<textarea name=\"_wpcf7_ak_hp_textarea\" cols=\"45\" rows=\"8\" maxlength=\"100\"><\/textarea><\/label><input type=\"hidden\" id=\"ak_js_1\" name=\"_wpcf7_ak_js\" value=\"224\"\/><script type=\"text\/javascript\">\n\/* <![CDATA[ *\/\ndocument.getElementById( \"ak_js_1\" ).setAttribute( \"value\", ( new Date() ).getTime() );\n\/* ]]> *\/\n<\/script>\n<\/p><div class=\"wpcf7-response-output\" aria-hidden=\"true\"><\/div>\n<\/form>\n<\/div>\n\n","protected":false},"excerpt":{"rendered":"<p>Vous avez une question, un commentaire ? Voulez-vous collaborer d&rsquo;une mani\u00e8re ou d&rsquo;une autre ? Juste&hellip;<\/p>\n","protected":false},"author":1,"featured_media":0,"parent":0,"menu_order":0,"comment_status":"closed","ping_status":"closed","template":"page-sidebar.php","meta":{"inline_featured_image":false,"_monsterinsights_skip_tracking":false,"_monsterinsights_sitenote_active":false,"_monsterinsights_sitenote_note":"","_monsterinsights_sitenote_category":0,"footnotes":""},"class_list":["post-1694","page","type-page","status-publish","hentry"],"yoast_head":"<!-- This site is optimized with the Yoast SEO plugin v27.5 - https:\/\/yoast.com\/product\/yoast-seo-wordpress\/ -->\n<title>Contact - Les p\u2018tites croix de Magalie par Magalie Vincendon<\/title>\n<meta name=\"robots\" content=\"index, follow, max-snippet:-1, max-image-preview:large, max-video-preview:-1\" \/>\n<link rel=\"canonical\" href=\"https:\/\/lesptitescroixdemagalie.fr\/index.php\/contact\/\" \/>\n<meta property=\"og:locale\" content=\"fr_FR\" \/>\n<meta property=\"og:type\" content=\"article\" \/>\n<meta property=\"og:title\" content=\"Contact - Les p\u2018tites croix de Magalie par Magalie Vincendon\" \/>\n<meta property=\"og:description\" content=\"Vous avez une question, un commentaire ? Voulez-vous collaborer d&rsquo;une mani\u00e8re ou d&rsquo;une autre ? Juste&hellip;\" \/>\n<meta property=\"og:url\" content=\"https:\/\/lesptitescroixdemagalie.fr\/index.php\/contact\/\" \/>\n<meta property=\"og:site_name\" content=\"Les p\u2018tites croix de Magalie par Magalie Vincendon\" \/>\n<meta property=\"article:modified_time\" content=\"2020-07-12T19:34:39+00:00\" \/>\n<meta property=\"og:image\" content=\"https:\/\/lesptitescroixdemagalie.fr\/wp-content\/uploads\/2019\/12\/Photosphere-9.jpg\" \/>\n<meta name=\"twitter:card\" content=\"summary_large_image\" \/>\n<script type=\"application\/ld+json\" class=\"yoast-schema-graph\">{\"@context\":\"https:\\\/\\\/schema.org\",\"@graph\":[{\"@type\":\"WebPage\",\"@id\":\"https:\\\/\\\/lesptitescroixdemagalie.fr\\\/index.php\\\/contact\\\/\",\"url\":\"https:\\\/\\\/lesptitescroixdemagalie.fr\\\/index.php\\\/contact\\\/\",\"name\":\"Contact - Les p\u2018tites croix de Magalie par Magalie Vincendon\",\"isPartOf\":{\"@id\":\"https:\\\/\\\/lesptitescroixdemagalie.fr\\\/#website\"},\"primaryImageOfPage\":{\"@id\":\"https:\\\/\\\/lesptitescroixdemagalie.fr\\\/index.php\\\/contact\\\/#primaryimage\"},\"image\":{\"@id\":\"https:\\\/\\\/lesptitescroixdemagalie.fr\\\/index.php\\\/contact\\\/#primaryimage\"},\"thumbnailUrl\":\"https:\\\/\\\/lesptitescroixdemagalie.fr\\\/wp-content\\\/uploads\\\/2019\\\/12\\\/Photosphere-9.jpg\",\"datePublished\":\"2018-08-24T03:50:19+00:00\",\"dateModified\":\"2020-07-12T19:34:39+00:00\",\"breadcrumb\":{\"@id\":\"https:\\\/\\\/lesptitescroixdemagalie.fr\\\/index.php\\\/contact\\\/#breadcrumb\"},\"inLanguage\":\"fr-FR\",\"potentialAction\":[{\"@type\":\"ReadAction\",\"target\":[\"https:\\\/\\\/lesptitescroixdemagalie.fr\\\/index.php\\\/contact\\\/\"]}]},{\"@type\":\"ImageObject\",\"inLanguage\":\"fr-FR\",\"@id\":\"https:\\\/\\\/lesptitescroixdemagalie.fr\\\/index.php\\\/contact\\\/#primaryimage\",\"url\":\"https:\\\/\\\/lesptitescroixdemagalie.fr\\\/wp-content\\\/uploads\\\/2019\\\/12\\\/Photosphere-9.jpg\",\"contentUrl\":\"https:\\\/\\\/lesptitescroixdemagalie.fr\\\/wp-content\\\/uploads\\\/2019\\\/12\\\/Photosphere-9.jpg\",\"width\":460,\"height\":340},{\"@type\":\"BreadcrumbList\",\"@id\":\"https:\\\/\\\/lesptitescroixdemagalie.fr\\\/index.php\\\/contact\\\/#breadcrumb\",\"itemListElement\":[{\"@type\":\"ListItem\",\"position\":1,\"name\":\"Accueil\",\"item\":\"https:\\\/\\\/lesptitescroixdemagalie.fr\\\/\"},{\"@type\":\"ListItem\",\"position\":2,\"name\":\"Contact\"}]},{\"@type\":\"WebSite\",\"@id\":\"https:\\\/\\\/lesptitescroixdemagalie.fr\\\/#website\",\"url\":\"https:\\\/\\\/lesptitescroixdemagalie.fr\\\/\",\"name\":\"Les p\u2018tites croix de Magalie par Magalie Vincendon\",\"description\":\"Point de croix, D\u00e9tente, Partage &amp; Bien-Etre\",\"publisher\":{\"@id\":\"https:\\\/\\\/lesptitescroixdemagalie.fr\\\/#organization\"},\"potentialAction\":[{\"@type\":\"SearchAction\",\"target\":{\"@type\":\"EntryPoint\",\"urlTemplate\":\"https:\\\/\\\/lesptitescroixdemagalie.fr\\\/?s={search_term_string}\"},\"query-input\":{\"@type\":\"PropertyValueSpecification\",\"valueRequired\":true,\"valueName\":\"search_term_string\"}}],\"inLanguage\":\"fr-FR\"},{\"@type\":\"Organization\",\"@id\":\"https:\\\/\\\/lesptitescroixdemagalie.fr\\\/#organization\",\"name\":\"Les p'tites croix de Magalie\",\"url\":\"https:\\\/\\\/lesptitescroixdemagalie.fr\\\/\",\"logo\":{\"@type\":\"ImageObject\",\"inLanguage\":\"fr-FR\",\"@id\":\"https:\\\/\\\/lesptitescroixdemagalie.fr\\\/#\\\/schema\\\/logo\\\/image\\\/\",\"url\":\"https:\\\/\\\/lesptitescroixdemagalie.fr\\\/wp-content\\\/uploads\\\/2022\\\/07\\\/Logo-noir-fond-blanc.png\",\"contentUrl\":\"https:\\\/\\\/lesptitescroixdemagalie.fr\\\/wp-content\\\/uploads\\\/2022\\\/07\\\/Logo-noir-fond-blanc.png\",\"width\":280,\"height\":350,\"caption\":\"Les p'tites croix de Magalie\"},\"image\":{\"@id\":\"https:\\\/\\\/lesptitescroixdemagalie.fr\\\/#\\\/schema\\\/logo\\\/image\\\/\"}}]}<\/script>\n<!-- \/ Yoast SEO plugin. -->","yoast_head_json":{"title":"Contact - Les p\u2018tites croix de Magalie par Magalie Vincendon","robots":{"index":"index","follow":"follow","max-snippet":"max-snippet:-1","max-image-preview":"max-image-preview:large","max-video-preview":"max-video-preview:-1"},"canonical":"https:\/\/lesptitescroixdemagalie.fr\/index.php\/contact\/","og_locale":"fr_FR","og_type":"article","og_title":"Contact - Les p\u2018tites croix de Magalie par Magalie Vincendon","og_description":"Vous avez une question, un commentaire ? Voulez-vous collaborer d&rsquo;une mani\u00e8re ou d&rsquo;une autre ? Juste&hellip;","og_url":"https:\/\/lesptitescroixdemagalie.fr\/index.php\/contact\/","og_site_name":"Les p\u2018tites croix de Magalie par Magalie Vincendon","article_modified_time":"2020-07-12T19:34:39+00:00","og_image":[{"url":"https:\/\/lesptitescroixdemagalie.fr\/wp-content\/uploads\/2019\/12\/Photosphere-9.jpg","type":"","width":"","height":""}],"twitter_card":"summary_large_image","schema":{"@context":"https:\/\/schema.org","@graph":[{"@type":"WebPage","@id":"https:\/\/lesptitescroixdemagalie.fr\/index.php\/contact\/","url":"https:\/\/lesptitescroixdemagalie.fr\/index.php\/contact\/","name":"Contact - Les p\u2018tites croix de Magalie par Magalie Vincendon","isPartOf":{"@id":"https:\/\/lesptitescroixdemagalie.fr\/#website"},"primaryImageOfPage":{"@id":"https:\/\/lesptitescroixdemagalie.fr\/index.php\/contact\/#primaryimage"},"image":{"@id":"https:\/\/lesptitescroixdemagalie.fr\/index.php\/contact\/#primaryimage"},"thumbnailUrl":"https:\/\/lesptitescroixdemagalie.fr\/wp-content\/uploads\/2019\/12\/Photosphere-9.jpg","datePublished":"2018-08-24T03:50:19+00:00","dateModified":"2020-07-12T19:34:39+00:00","breadcrumb":{"@id":"https:\/\/lesptitescroixdemagalie.fr\/index.php\/contact\/#breadcrumb"},"inLanguage":"fr-FR","potentialAction":[{"@type":"ReadAction","target":["https:\/\/lesptitescroixdemagalie.fr\/index.php\/contact\/"]}]},{"@type":"ImageObject","inLanguage":"fr-FR","@id":"https:\/\/lesptitescroixdemagalie.fr\/index.php\/contact\/#primaryimage","url":"https:\/\/lesptitescroixdemagalie.fr\/wp-content\/uploads\/2019\/12\/Photosphere-9.jpg","contentUrl":"https:\/\/lesptitescroixdemagalie.fr\/wp-content\/uploads\/2019\/12\/Photosphere-9.jpg","width":460,"height":340},{"@type":"BreadcrumbList","@id":"https:\/\/lesptitescroixdemagalie.fr\/index.php\/contact\/#breadcrumb","itemListElement":[{"@type":"ListItem","position":1,"name":"Accueil","item":"https:\/\/lesptitescroixdemagalie.fr\/"},{"@type":"ListItem","position":2,"name":"Contact"}]},{"@type":"WebSite","@id":"https:\/\/lesptitescroixdemagalie.fr\/#website","url":"https:\/\/lesptitescroixdemagalie.fr\/","name":"Les p\u2018tites croix de Magalie par Magalie Vincendon","description":"Point de croix, D\u00e9tente, Partage &amp; Bien-Etre","publisher":{"@id":"https:\/\/lesptitescroixdemagalie.fr\/#organization"},"potentialAction":[{"@type":"SearchAction","target":{"@type":"EntryPoint","urlTemplate":"https:\/\/lesptitescroixdemagalie.fr\/?s={search_term_string}"},"query-input":{"@type":"PropertyValueSpecification","valueRequired":true,"valueName":"search_term_string"}}],"inLanguage":"fr-FR"},{"@type":"Organization","@id":"https:\/\/lesptitescroixdemagalie.fr\/#organization","name":"Les p'tites croix de Magalie","url":"https:\/\/lesptitescroixdemagalie.fr\/","logo":{"@type":"ImageObject","inLanguage":"fr-FR","@id":"https:\/\/lesptitescroixdemagalie.fr\/#\/schema\/logo\/image\/","url":"https:\/\/lesptitescroixdemagalie.fr\/wp-content\/uploads\/2022\/07\/Logo-noir-fond-blanc.png","contentUrl":"https:\/\/lesptitescroixdemagalie.fr\/wp-content\/uploads\/2022\/07\/Logo-noir-fond-blanc.png","width":280,"height":350,"caption":"Les p'tites croix de Magalie"},"image":{"@id":"https:\/\/lesptitescroixdemagalie.fr\/#\/schema\/logo\/image\/"}}]}},"_links":{"self":[{"href":"https:\/\/lesptitescroixdemagalie.fr\/index.php\/wp-json\/wp\/v2\/pages\/1694","targetHints":{"allow":["GET"]}}],"collection":[{"href":"https:\/\/lesptitescroixdemagalie.fr\/index.php\/wp-json\/wp\/v2\/pages"}],"about":[{"href":"https:\/\/lesptitescroixdemagalie.fr\/index.php\/wp-json\/wp\/v2\/types\/page"}],"author":[{"embeddable":true,"href":"https:\/\/lesptitescroixdemagalie.fr\/index.php\/wp-json\/wp\/v2\/users\/1"}],"replies":[{"embeddable":true,"href":"https:\/\/lesptitescroixdemagalie.fr\/index.php\/wp-json\/wp\/v2\/comments?post=1694"}],"version-history":[{"count":9,"href":"https:\/\/lesptitescroixdemagalie.fr\/index.php\/wp-json\/wp\/v2\/pages\/1694\/revisions"}],"predecessor-version":[{"id":3212,"href":"https:\/\/lesptitescroixdemagalie.fr\/index.php\/wp-json\/wp\/v2\/pages\/1694\/revisions\/3212"}],"wp:attachment":[{"href":"https:\/\/lesptitescroixdemagalie.fr\/index.php\/wp-json\/wp\/v2\/media?parent=1694"}],"curies":[{"name":"wp","href":"https:\/\/api.w.org\/{rel}","templated":true}]}}